{"id":3,"date":"2024-03-09T11:57:55","date_gmt":"2024-03-09T11:57:55","guid":{"rendered":"https:\/\/immersivdesign.com\/?page_id=3"},"modified":"2026-04-26T15:45:31","modified_gmt":"2026-04-26T13:45:31","slug":"privacy-policy","status":"publish","type":"page","link":"https:\/\/immersivdesign.com\/cs\/privacy-policy\/","title":{"rendered":"Z\u00e1sady ochrany osobn\u00edch \u00fadaj\u016f"},"content":{"rendered":"<section class=\"section\" id=\"section_1228774101\">\n\t\t<div class=\"section-bg fill\" >\n\t\t\t\t\t\t\t\t\t\n\t\t\t\n\n\t\t<\/div>\n\n\t\t\n\n\t\t<div class=\"section-content relative\">\n\t\t\t\n\n<div class=\"row align-center\"  id=\"row-314728554\">\n\n\n\t<div id=\"col-2143492334\" class=\"col small-12 large-12\"  >\n\t\t\t\t<div class=\"col-inner\"  >\n\t\t\t\n\t\t\t\n\n\t<div id=\"text-1655524855\" class=\"text\">\n\t\t\n\n<h3><span class=\"HwtZe\" lang=\"en\"><span class=\"jCAhz ChMk0b\"><span class=\"ryNqvb\">Tyto webov\u00e9 str\u00e1nky vyd\u00e1v\u00e1: <strong>P\u016eSOBIV\u00dd DESIGN<\/strong><\/span><\/span><\/span><\/h3>\n<p><span class=\"HwtZe\" lang=\"en\"><span class=\"jCAhz ChMk0b\"><span class=\"ryNqvb\"><u>Kontakt:<\/u><\/span><\/span><\/span><span class=\"HwtZe\" lang=\"en\"><span class=\"jCAhz ChMk0b\"><span class=\"ryNqvb\"><br \/>\u010c\u00edslo SIR\u00c9NY: <strong>514 413 509 <\/strong><\/span><\/span><\/span><\/p>\n<p><span class=\"HwtZe\" lang=\"en\"><span class=\"jCAhz ChMk0b\"><span class=\"ryNqvb\">Cel\u00e9 tyto webov\u00e9 str\u00e1nky se \u0159\u00edd\u00ed francouzsk\u00fdm autorsk\u00fdm pr\u00e1vem a z\u00e1konem o du\u0161evn\u00edm vlastnictv\u00ed \u2013 z\u00e1konem \u010d. 2004-575 ze dne 21. \u010dervna 2004 o d\u016fv\u011b\u0159e v digit\u00e1ln\u00ed ekonomiku.<br \/><strong>V\u0161echna pr\u00e1va na reprodukci jsou vyhrazena<\/strong>, v\u010detn\u011b dokument\u016f ke sta\u017een\u00ed a ikonografick\u00fdch a fotografick\u00fdch vyobrazen\u00ed.<\/span><\/span><span class=\"jCAhz ChMk0b\"><span class=\"ryNqvb\"><br \/><strong>Reprodukce cel\u00e9ho nebo jeho \u010d\u00e1sti<\/strong> t\u011bchto webov\u00fdch str\u00e1nek na jak\u00e9mkoli m\u00e9diu je p\u0159\u00edsn\u011b zak\u00e1z\u00e1no.<\/span><\/span><span class=\"jCAhz ChMk0b\"><span class=\"ryNqvb\"> Ochrann\u00e9 zn\u00e1mky uveden\u00e9 na t\u011bchto webov\u00fdch str\u00e1nk\u00e1ch jsou registrov\u00e1ny p\u0159\u00edslu\u0161n\u00fdmi vlastn\u00edky.<\/span><\/span><\/span><\/p>\n<p><span class=\"HwtZe\" lang=\"en\"><span class=\"jCAhz ChMk0b\"><span class=\"ryNqvb\"><strong>P\u016eSOBIV\u00dd DESIGN<\/strong> si vyhrazuje pr\u00e1va k pou\u017eit\u00ed v\u0161ech prvk\u016f dostupn\u00fdch na webov\u00fdch str\u00e1nk\u00e1ch (fotografie, videa, text a logo).<\/span><\/span><span class=\"jCAhz ChMk0b\"><span class=\"ryNqvb\"> \u00dadaje uveden\u00e9 na t\u011bchto webov\u00fdch str\u00e1nk\u00e1ch jsou poskytov\u00e1ny pouze pro informa\u010dn\u00ed \u00fa\u010dely a nemaj\u00ed \u017e\u00e1dnou smluvn\u00ed hodnotu.<\/span><\/span><\/span><\/p>\n<p><span class=\"HwtZe\" lang=\"en\"><span class=\"jCAhz ChMk0b\"><span class=\"ryNqvb\"><strong>P\u016eSOBIV\u00dd DESIGN<\/strong> si vyhrazuje pr\u00e1vo kdykoli a bez p\u0159edchoz\u00edho upozorn\u011bn\u00ed opravit obsah t\u011bchto webov\u00fdch str\u00e1nek.<\/span><\/span><\/span><\/p>\n<p><span class=\"HwtZe\" lang=\"en\"><span class=\"jCAhz ChMk0b\"><span class=\"ryNqvb\"><strong>P\u016eSOBIV\u00dd DESIGN<\/strong> se z\u0159\u00edk\u00e1 ve\u0161ker\u00e9 odpov\u011bdnosti za jak\u00e9koli chyby nebo opomenut\u00ed, kter\u00e9 se mohou na webov\u00fdch str\u00e1nk\u00e1ch vyskytnout.<\/span><\/span><span class=\"jCAhz ChMk0b\"><span class=\"ryNqvb\"><br \/>Webov\u00e9 str\u00e1nky nenesou odpov\u011bdnost za jak\u00e9koli pou\u017eit\u00ed informac\u00ed obsa\u017een\u00fdch na str\u00e1nk\u00e1ch n\u00e1v\u0161t\u011bvn\u00edkem.<\/span><\/span><span class=\"jCAhz ChMk0b\"><span class=\"ryNqvb\"><br \/>Tato webov\u00e1 str\u00e1nka obsahuje hypertextov\u00e9 odkazy na obsah souvisej\u00edc\u00ed s <strong>P\u016eSOBIV\u00dd DESIGN<\/strong>.<\/span><\/span><\/span><\/p>\n<p><span class=\"HwtZe\" lang=\"en\"><span class=\"jCAhz\"><span class=\"ryNqvb\">\u017d\u00e1dn\u00e9 osobn\u00ed \u00fadaje o n\u00e1v\u0161t\u011bvn\u00edc\u00edch nejsou zve\u0159ej\u0148ov\u00e1ny, p\u0159en\u00e1\u0161eny ani prod\u00e1v\u00e1ny bez jejich v\u011bdom\u00ed na \u017e\u00e1dn\u00e9m jin\u00e9m m\u00e9diu.<\/span><\/span><span class=\"jCAhz ChMk0b\"><span class=\"ryNqvb\"><br \/>Webov\u00e9 str\u00e1nky jsou v souladu s francouzsk\u00fdm z\u00e1konem o ochran\u011b osobn\u00edch \u00fadaj\u016f z 1. \u010dervence 1998 a s p\u0159edpisy CNIL (francouzsk\u00e9ho \u00fa\u0159adu pro ochranu osobn\u00edch \u00fadaj\u016f).<\/span><\/span><\/span><\/p>\n<p><span class=\"HwtZe\" lang=\"en\"><span class=\"jCAhz ChMk0b\"><span class=\"ryNqvb\">Ve\u0161ker\u00fd spor podl\u00e9h\u00e1 francouzsk\u00e9mu pr\u00e1vu.<\/span><\/span><\/span><\/p>\n\t\t\n<style>\n#text-1655524855 {\n  color: rgb(255,255,255);\n}\n#text-1655524855 > * {\n  color: rgb(255,255,255);\n}\n<\/style>\n\t<\/div>\n\t\n\n\t\t<\/div>\n\t\t\t\t\t<\/div>\n\n\t\n\n<\/div>\n\n\t\t<\/div>\n\n\t\t\n<style>\n#section_1228774101 {\n  padding-top: 30px;\n  padding-bottom: 30px;\n}\n<\/style>\n\t<\/section>","protected":false},"excerpt":{"rendered":"","protected":false},"author":1,"featured_media":0,"parent":0,"menu_order":0,"comment_status":"closed","ping_status":"open","template":"","meta":{"iawp_total_views":0,"footnotes":""},"class_list":["post-3","page","type-page","status-publish","hentry"],"yoast_head":"<!-- This site is optimized with the Yoast SEO Premium plugin v27.4 (Yoast SEO v27.4) - https:\/\/yoast.com\/product\/yoast-seo-premium-wordpress\/ -->\n<title>Privacy Policy - ImmersivDesign<\/title>\n<meta name=\"description\" content=\"Immersivdesign - video set designer - Crafting Environments that Engage and Inspire - media content creator\" \/>\n<meta name=\"robots\" content=\"index, follow, max-snippet:-1, max-image-preview:large, max-video-preview:-1\" \/>\n<link rel=\"canonical\" href=\"https:\/\/immersivdesign.com\/cs\/privacy-policy\/\" \/>\n<meta property=\"og:locale\" content=\"cs_CZ\" \/>\n<meta property=\"og:type\" content=\"article\" \/>\n<meta property=\"og:title\" content=\"ImmersivDesign\" \/>\n<meta property=\"og:description\" content=\"Animated walls have naturally become a commonplace, brightening (and therefore attractive) otherwise dull spaces where it was hard to imagine a solution existed to make them appealing.Today, they exist, bringing with them a sense of well-being and commercial benefits.Contact us to understand and adopt this new, elegant and effective process. That&#039;s what we&#039;re here for\" \/>\n<meta property=\"og:url\" content=\"https:\/\/immersivdesign.com\/cs\/privacy-policy\/\" \/>\n<meta property=\"og:site_name\" content=\"ImmersivDesign\" \/>\n<meta property=\"article:publisher\" content=\"https:\/\/www.facebook.com\/profile.php?id=100064013646722\" \/>\n<meta property=\"article:modified_time\" content=\"2026-04-26T13:45:31+00:00\" \/>\n<meta property=\"og:image\" content=\"https:\/\/immersivdesign.com\/wp-content\/uploads\/2025\/12\/Welcome-ImmersivDesign-immersive-experience-total-immersion.webp\" \/>\n\t<meta property=\"og:image:width\" content=\"1903\" \/>\n\t<meta property=\"og:image:height\" content=\"882\" \/>\n\t<meta property=\"og:image:type\" content=\"image\/webp\" \/>\n<meta name=\"twitter:card\" content=\"summary_large_image\" \/>\n<meta name=\"twitter:site\" content=\"@ImmersivDesign\" \/>\n<meta name=\"twitter:label1\" content=\"Odhadovan\u00e1 doba \u010dten\u00ed\" \/>\n\t<meta name=\"twitter:data1\" content=\"1 minuta\" \/>\n<script type=\"application\/ld+json\" class=\"yoast-schema-graph\">{\"@context\":\"https:\\\/\\\/schema.org\",\"@graph\":[{\"@type\":\"WebPage\",\"@id\":\"https:\\\/\\\/immersivdesign.com\\\/privacy-policy\\\/\",\"url\":\"https:\\\/\\\/immersivdesign.com\\\/privacy-policy\\\/\",\"name\":\"Privacy Policy - ImmersivDesign\",\"isPartOf\":{\"@id\":\"https:\\\/\\\/immersivdesign.com\\\/#website\"},\"datePublished\":\"2024-03-09T11:57:55+00:00\",\"dateModified\":\"2026-04-26T13:45:31+00:00\",\"description\":\"Immersivdesign - video set designer - Crafting Environments that Engage and Inspire - media content creator\",\"breadcrumb\":{\"@id\":\"https:\\\/\\\/immersivdesign.com\\\/privacy-policy\\\/#breadcrumb\"},\"inLanguage\":\"cs\",\"potentialAction\":[{\"@type\":\"ReadAction\",\"target\":[\"https:\\\/\\\/immersivdesign.com\\\/privacy-policy\\\/\"]}]},{\"@type\":\"BreadcrumbList\",\"@id\":\"https:\\\/\\\/immersivdesign.com\\\/privacy-policy\\\/#breadcrumb\",\"itemListElement\":[{\"@type\":\"ListItem\",\"position\":1,\"name\":\"Accueil\",\"item\":\"https:\\\/\\\/immersivdesign.com\\\/\"},{\"@type\":\"ListItem\",\"position\":2,\"name\":\"Privacy Policy\"}]},{\"@type\":\"WebSite\",\"@id\":\"https:\\\/\\\/immersivdesign.com\\\/#website\",\"url\":\"https:\\\/\\\/immersivdesign.com\\\/\",\"name\":\"ImmersivDesign\",\"description\":\"Transform your space with Immersivdesign - immersive walls videos relaxation and well-being\",\"publisher\":{\"@id\":\"https:\\\/\\\/immersivdesign.com\\\/#organization\"},\"alternateName\":\"leds and projectors\",\"potentialAction\":[{\"@type\":\"SearchAction\",\"target\":{\"@type\":\"EntryPoint\",\"urlTemplate\":\"https:\\\/\\\/immersivdesign.com\\\/?s={search_term_string}\"},\"query-input\":{\"@type\":\"PropertyValueSpecification\",\"valueRequired\":true,\"valueName\":\"search_term_string\"}}],\"inLanguage\":\"cs\"},{\"@type\":\"Organization\",\"@id\":\"https:\\\/\\\/immersivdesign.com\\\/#organization\",\"name\":\"LED Immersiv Design\",\"alternateName\":\"LED video set designer relaxation and well-being\",\"url\":\"https:\\\/\\\/immersivdesign.com\\\/\",\"logo\":{\"@type\":\"ImageObject\",\"inLanguage\":\"cs\",\"@id\":\"https:\\\/\\\/immersivdesign.com\\\/#\\\/schema\\\/logo\\\/image\\\/\",\"url\":\"\",\"contentUrl\":\"\",\"caption\":\"LED Immersiv Design\"},\"image\":{\"@id\":\"https:\\\/\\\/immersivdesign.com\\\/#\\\/schema\\\/logo\\\/image\\\/\"},\"sameAs\":[\"https:\\\/\\\/www.facebook.com\\\/profile.php?id=100064013646722\",\"https:\\\/\\\/x.com\\\/ImmersivDesign\",\"https:\\\/\\\/mastodon.social\\\/@Immersivdesign\",\"https:\\\/\\\/www.linkedin.com\\\/in\\\/gilles-n-114b0b207\\\/\",\"https:\\\/\\\/www.instagram.com\\\/decorsvideoimmersifs\\\/\"],\"description\":\"Animated walls have naturally become a commonplace, brightening (and therefore attractive) otherwise dull spaces where it was hard to imagine a solution existed to make them appealing. Today, they exist, bringing with them a sense of well-being and commercial benefits. Contact us to understand and adopt this new, elegant and effective process. That's what we're here for.\",\"email\":\"immersivdesign88@proton.me\",\"telephone\":\"+33.6.12.87.83.64\",\"legalName\":\"ImmersivDesign\",\"publishingPrinciples\":\"https:\\\/\\\/immersivdesign.com\\\/\",\"ownershipFundingInfo\":\"https:\\\/\\\/immersivdesign.com\\\/\",\"actionableFeedbackPolicy\":\"https:\\\/\\\/immersivdesign.com\\\/\",\"correctionsPolicy\":\"https:\\\/\\\/immersivdesign.com\\\/\",\"ethicsPolicy\":\"https:\\\/\\\/immersivdesign.com\\\/\",\"diversityPolicy\":\"https:\\\/\\\/immersivdesign.com\\\/\",\"diversityStaffingReport\":\"https:\\\/\\\/immersivdesign.com\\\/\"}]}<\/script>\n<!-- \/ Yoast SEO Premium plugin. -->","yoast_head_json":{"title":"Z\u00e1sady ochrany osobn\u00edch \u00fadaj\u016f \u2013 ImmersivDesign","description":"Immersivdesign - n\u00e1vrh\u00e1\u0159 video sc\u00e9nografie - Tvorba prost\u0159ed\u00ed, kter\u00e1 zaujmou a inspiruj\u00ed - tv\u016frce medi\u00e1ln\u00edho obsahu","robots":{"index":"index","follow":"follow","max-snippet":"max-snippet:-1","max-image-preview":"max-image-preview:large","max-video-preview":"max-video-preview:-1"},"canonical":"https:\/\/immersivdesign.com\/cs\/privacy-policy\/","og_locale":"cs_CZ","og_type":"article","og_title":"ImmersivDesign","og_description":"Animated walls have naturally become a commonplace, brightening (and therefore attractive) otherwise dull spaces where it was hard to imagine a solution existed to make them appealing.Today, they exist, bringing with them a sense of well-being and commercial benefits.Contact us to understand and adopt this new, elegant and effective process. That's what we're here for","og_url":"https:\/\/immersivdesign.com\/cs\/privacy-policy\/","og_site_name":"ImmersivDesign","article_publisher":"https:\/\/www.facebook.com\/profile.php?id=100064013646722","article_modified_time":"2026-04-26T13:45:31+00:00","og_image":[{"width":1903,"height":882,"url":"https:\/\/immersivdesign.com\/wp-content\/uploads\/2025\/12\/Welcome-ImmersivDesign-immersive-experience-total-immersion.webp","type":"image\/webp"}],"twitter_card":"summary_large_image","twitter_site":"@ImmersivDesign","twitter_misc":{"Odhadovan\u00e1 doba \u010dten\u00ed":"1 minuta"},"schema":{"@context":"https:\/\/schema.org","@graph":[{"@type":"WebPage","@id":"https:\/\/immersivdesign.com\/privacy-policy\/","url":"https:\/\/immersivdesign.com\/privacy-policy\/","name":"Z\u00e1sady ochrany osobn\u00edch \u00fadaj\u016f \u2013 ImmersivDesign","isPartOf":{"@id":"https:\/\/immersivdesign.com\/#website"},"datePublished":"2024-03-09T11:57:55+00:00","dateModified":"2026-04-26T13:45:31+00:00","description":"Immersivdesign - n\u00e1vrh\u00e1\u0159 video sc\u00e9nografie - Tvorba prost\u0159ed\u00ed, kter\u00e1 zaujmou a inspiruj\u00ed - tv\u016frce medi\u00e1ln\u00edho obsahu","breadcrumb":{"@id":"https:\/\/immersivdesign.com\/privacy-policy\/#breadcrumb"},"inLanguage":"cs","potentialAction":[{"@type":"ReadAction","target":["https:\/\/immersivdesign.com\/privacy-policy\/"]}]},{"@type":"BreadcrumbList","@id":"https:\/\/immersivdesign.com\/privacy-policy\/#breadcrumb","itemListElement":[{"@type":"ListItem","position":1,"name":"Accueil","item":"https:\/\/immersivdesign.com\/"},{"@type":"ListItem","position":2,"name":"Privacy Policy"}]},{"@type":"WebSite","@id":"https:\/\/immersivdesign.com\/#website","url":"https:\/\/immersivdesign.com\/","name":"ImmersivDesign","description":"Prom\u011b\u0148te sv\u016fj prostor s Immersivdesign - imerzivn\u00ed videa na st\u011bn\u00e1ch pro relaxaci a pohodu","publisher":{"@id":"https:\/\/immersivdesign.com\/#organization"},"alternateName":"leds and projectors","potentialAction":[{"@type":"SearchAction","target":{"@type":"EntryPoint","urlTemplate":"https:\/\/immersivdesign.com\/?s={search_term_string}"},"query-input":{"@type":"PropertyValueSpecification","valueRequired":true,"valueName":"search_term_string"}}],"inLanguage":"cs"},{"@type":"Organization","@id":"https:\/\/immersivdesign.com\/#organization","name":"Pohlcuj\u00edc\u00ed LED design","alternateName":"LED video set designer relaxation and well-being","url":"https:\/\/immersivdesign.com\/","logo":{"@type":"ImageObject","inLanguage":"cs","@id":"https:\/\/immersivdesign.com\/#\/schema\/logo\/image\/","url":"","contentUrl":"","caption":"LED Immersiv Design"},"image":{"@id":"https:\/\/immersivdesign.com\/#\/schema\/logo\/image\/"},"sameAs":["https:\/\/www.facebook.com\/profile.php?id=100064013646722","https:\/\/x.com\/ImmersivDesign","https:\/\/mastodon.social\/@Immersivdesign","https:\/\/www.linkedin.com\/in\/gilles-n-114b0b207\/","https:\/\/www.instagram.com\/decorsvideoimmersifs\/"],"description":"Animovan\u00e9 st\u011bny se p\u0159irozen\u011b staly b\u011b\u017enou z\u00e1le\u017eitost\u00ed a rozjas\u0148uj\u00ed (a t\u00edm p\u00e1dem i zatraktivn\u00ed) jinak nudn\u00e9 prostory, kde si bylo t\u011b\u017ek\u00e9 p\u0159edstavit \u0159e\u0161en\u00ed, kter\u00e9 by je u\u010dinilo atraktivn\u00edmi. Dnes existuj\u00ed a p\u0159in\u00e1\u0161ej\u00ed s sebou pocit pohody a komer\u010dn\u00ed v\u00fdhody. Kontaktujte n\u00e1s, abyste pochopili a osvojili si tento nov\u00fd, elegantn\u00ed a efektivn\u00ed proces. Proto jsme tu pro v\u00e1s.","email":"immersivdesign88@proton.me","telephone":"+33.6.12.87.83.64","legalName":"ImmersivDesign","publishingPrinciples":"https:\/\/immersivdesign.com\/","ownershipFundingInfo":"https:\/\/immersivdesign.com\/","actionableFeedbackPolicy":"https:\/\/immersivdesign.com\/","correctionsPolicy":"https:\/\/immersivdesign.com\/","ethicsPolicy":"https:\/\/immersivdesign.com\/","diversityPolicy":"https:\/\/immersivdesign.com\/","diversityStaffingReport":"https:\/\/immersivdesign.com\/"}]}},"_links":{"self":[{"href":"https:\/\/immersivdesign.com\/cs\/wp-json\/wp\/v2\/pages\/3","targetHints":{"allow":["GET"]}}],"collection":[{"href":"https:\/\/immersivdesign.com\/cs\/wp-json\/wp\/v2\/pages"}],"about":[{"href":"https:\/\/immersivdesign.com\/cs\/wp-json\/wp\/v2\/types\/page"}],"author":[{"embeddable":true,"href":"https:\/\/immersivdesign.com\/cs\/wp-json\/wp\/v2\/users\/1"}],"replies":[{"embeddable":true,"href":"https:\/\/immersivdesign.com\/cs\/wp-json\/wp\/v2\/comments?post=3"}],"version-history":[{"count":0,"href":"https:\/\/immersivdesign.com\/cs\/wp-json\/wp\/v2\/pages\/3\/revisions"}],"wp:attachment":[{"href":"https:\/\/immersivdesign.com\/cs\/wp-json\/wp\/v2\/media?parent=3"}],"curies":[{"name":"wp","href":"https:\/\/api.w.org\/{rel}","templated":true}]}}