{"id":3,"date":"2024-03-09T11:57:55","date_gmt":"2024-03-09T11:57:55","guid":{"rendered":"https:\/\/immersivdesign.com\/?page_id=3"},"modified":"2026-04-26T15:45:31","modified_gmt":"2026-04-26T13:45:31","slug":"privacy-policy","status":"publish","type":"page","link":"https:\/\/immersivdesign.com\/de\/privacy-policy\/","title":{"rendered":"Datenschutzrichtlinie"},"content":{"rendered":"<section class=\"section\" id=\"section_1537143372\">\n\t\t<div class=\"section-bg fill\" >\n\t\t\t\t\t\t\t\t\t\n\t\t\t\n\n\t\t<\/div>\n\n\t\t\n\n\t\t<div class=\"section-content relative\">\n\t\t\t\n\n<div class=\"row align-center\"  id=\"row-1364139794\">\n\n\n\t<div id=\"col-1705225243\" class=\"col small-12 large-12\"  >\n\t\t\t\t<div class=\"col-inner\"  >\n\t\t\t\n\t\t\t\n\n\t<div id=\"text-3154484721\" class=\"text\">\n\t\t\n\n<h3><span class=\"HwtZe\" lang=\"en\"><span class=\"jCAhz ChMk0b\"><span class=\"ryNqvb\">Diese Website wird ver\u00f6ffentlicht von: <strong>IMMERSIVDESIGN<\/strong><\/span><\/span><\/span><\/h3>\n<p><span class=\"HwtZe\" lang=\"en\"><span class=\"jCAhz ChMk0b\"><span class=\"ryNqvb\"><u>Kontakt:<\/u><\/span><\/span><\/span><span class=\"HwtZe\" lang=\"en\"><span class=\"jCAhz ChMk0b\"><span class=\"ryNqvb\"><br \/>Sirenennummer: <strong>514 413 509 <\/strong><\/span><\/span><\/span><\/p>\n<p><span class=\"HwtZe\" lang=\"en\"><span class=\"jCAhz ChMk0b\"><span class=\"ryNqvb\">Diese gesamte Website unterliegt dem franz\u00f6sischen Urheber- und geistigen Eigentumsrecht \u2013 Gesetz Nr. 2004-575 vom 21. Juni 2004 \u00fcber das Vertrauen in die digitale Wirtschaft.<br \/><strong>Alle Vervielf\u00e4ltigungsrechte sind vorbehalten.<\/strong>einschlie\u00dflich herunterladbarer Dokumente sowie ikonografischer und fotografischer Darstellungen.<\/span><\/span><span class=\"jCAhz ChMk0b\"><span class=\"ryNqvb\"><br \/><strong>Vervielf\u00e4ltigung des Ganzen oder eines Teils davon<\/strong> Die Ver\u00f6ffentlichung dieser Website auf jeglichen Medien ist strengstens untersagt.<\/span><\/span><span class=\"jCAhz ChMk0b\"><span class=\"ryNqvb\"> Die auf dieser Website genannten Marken sind eingetragene Marken ihrer jeweiligen Eigent\u00fcmer.<\/span><\/span><\/span><\/p>\n<p><span class=\"HwtZe\" lang=\"en\"><span class=\"jCAhz ChMk0b\"><span class=\"ryNqvb\"><strong>IMMERSIVDESIGN<\/strong> besitzt die Rechte zur Nutzung aller auf der Website zug\u00e4nglichen Elemente (Fotos, Videos, Texte und Logo).<\/span><\/span><span class=\"jCAhz ChMk0b\"><span class=\"ryNqvb\"> Die auf dieser Website bereitgestellten Daten dienen ausschlie\u00dflich Informationszwecken und haben keine vertragliche G\u00fcltigkeit.<\/span><\/span><\/span><\/p>\n<p><span class=\"HwtZe\" lang=\"en\"><span class=\"jCAhz ChMk0b\"><span class=\"ryNqvb\"><strong>IMMERSIVDESIGN<\/strong> beh\u00e4lt sich das Recht vor, den Inhalt dieser Website jederzeit und ohne vorherige Ank\u00fcndigung zu korrigieren.<\/span><\/span><\/span><\/p>\n<p><span class=\"HwtZe\" lang=\"en\"><span class=\"jCAhz ChMk0b\"><span class=\"ryNqvb\"><strong>IMMERSIVDESIGN<\/strong> lehnt jegliche Haftung f\u00fcr etwaige Fehler oder Auslassungen auf der Website ab.<\/span><\/span><span class=\"jCAhz ChMk0b\"><span class=\"ryNqvb\"><br \/>Der Betreiber der Website \u00fcbernimmt keine Verantwortung f\u00fcr die Nutzung der auf der Website enthaltenen Informationen durch den Besucher.<\/span><\/span><span class=\"jCAhz ChMk0b\"><span class=\"ryNqvb\"><br \/>Diese Website enth\u00e4lt Hyperlinks zu Inhalten, die mit folgendem Thema in Zusammenhang stehen: <strong>IMMERSIVDESIGN<\/strong>.<\/span><\/span><\/span><\/p>\n<p><span class=\"HwtZe\" lang=\"en\"><span class=\"jCAhz\"><span class=\"ryNqvb\">Ohne das Wissen der Besucher werden keine pers\u00f6nlichen Daten \u00fcber sie auf anderen Medien ver\u00f6ffentlicht, weitergegeben oder verkauft.<\/span><\/span><span class=\"jCAhz ChMk0b\"><span class=\"ryNqvb\"><br \/>Die Website entspricht dem franz\u00f6sischen Datenschutzgesetz vom 1. Juli 1998 und den Bestimmungen der CNIL (franz\u00f6sische Datenschutzbeh\u00f6rde).<\/span><\/span><\/span><\/p>\n<p><span class=\"HwtZe\" lang=\"en\"><span class=\"jCAhz ChMk0b\"><span class=\"ryNqvb\">Jegliche Streitigkeiten unterliegen franz\u00f6sischem Recht.<\/span><\/span><\/span><\/p>\n\t\t\n<style>\n#text-3154484721 {\n  color: rgb(255,255,255);\n}\n#text-3154484721 > * {\n  color: rgb(255,255,255);\n}\n<\/style>\n\t<\/div>\n\t\n\n\t\t<\/div>\n\t\t\t\t\t<\/div>\n\n\t\n\n<\/div>\n\n\t\t<\/div>\n\n\t\t\n<style>\n#section_1537143372 {\n  padding-top: 30px;\n  padding-bottom: 30px;\n}\n<\/style>\n\t<\/section>","protected":false},"excerpt":{"rendered":"","protected":false},"author":1,"featured_media":0,"parent":0,"menu_order":0,"comment_status":"closed","ping_status":"open","template":"","meta":{"iawp_total_views":0,"footnotes":""},"class_list":["post-3","page","type-page","status-publish","hentry"],"yoast_head":"<!-- This site is optimized with the Yoast SEO Premium plugin v27.4 (Yoast SEO v27.4) - https:\/\/yoast.com\/product\/yoast-seo-premium-wordpress\/ -->\n<title>Privacy Policy - ImmersivDesign<\/title>\n<meta name=\"description\" content=\"Immersivdesign - video set designer - Crafting Environments that Engage and Inspire - media content creator\" \/>\n<meta name=\"robots\" content=\"index, follow, max-snippet:-1, max-image-preview:large, max-video-preview:-1\" \/>\n<link rel=\"canonical\" href=\"https:\/\/immersivdesign.com\/de\/privacy-policy\/\" \/>\n<meta property=\"og:locale\" content=\"de_DE\" \/>\n<meta property=\"og:type\" content=\"article\" \/>\n<meta property=\"og:title\" content=\"ImmersivDesign\" \/>\n<meta property=\"og:description\" content=\"Animated walls have naturally become a commonplace, brightening (and therefore attractive) otherwise dull spaces where it was hard to imagine a solution existed to make them appealing.Today, they exist, bringing with them a sense of well-being and commercial benefits.Contact us to understand and adopt this new, elegant and effective process. That&#039;s what we&#039;re here for\" \/>\n<meta property=\"og:url\" content=\"https:\/\/immersivdesign.com\/de\/privacy-policy\/\" \/>\n<meta property=\"og:site_name\" content=\"ImmersivDesign\" \/>\n<meta property=\"article:publisher\" content=\"https:\/\/www.facebook.com\/profile.php?id=100064013646722\" \/>\n<meta property=\"article:modified_time\" content=\"2026-04-26T13:45:31+00:00\" \/>\n<meta property=\"og:image\" content=\"https:\/\/immersivdesign.com\/wp-content\/uploads\/2025\/12\/Welcome-ImmersivDesign-immersive-experience-total-immersion.webp\" \/>\n\t<meta property=\"og:image:width\" content=\"1903\" \/>\n\t<meta property=\"og:image:height\" content=\"882\" \/>\n\t<meta property=\"og:image:type\" content=\"image\/webp\" \/>\n<meta name=\"twitter:card\" content=\"summary_large_image\" \/>\n<meta name=\"twitter:site\" content=\"@ImmersivDesign\" \/>\n<meta name=\"twitter:label1\" content=\"Gesch\u00e4tzte Lesezeit\" \/>\n\t<meta name=\"twitter:data1\" content=\"1\u00a0Minute\" \/>\n<script type=\"application\/ld+json\" class=\"yoast-schema-graph\">{\"@context\":\"https:\\\/\\\/schema.org\",\"@graph\":[{\"@type\":\"WebPage\",\"@id\":\"https:\\\/\\\/immersivdesign.com\\\/privacy-policy\\\/\",\"url\":\"https:\\\/\\\/immersivdesign.com\\\/privacy-policy\\\/\",\"name\":\"Privacy Policy - ImmersivDesign\",\"isPartOf\":{\"@id\":\"https:\\\/\\\/immersivdesign.com\\\/#website\"},\"datePublished\":\"2024-03-09T11:57:55+00:00\",\"dateModified\":\"2026-04-26T13:45:31+00:00\",\"description\":\"Immersivdesign - video set designer - Crafting Environments that Engage and Inspire - media content creator\",\"breadcrumb\":{\"@id\":\"https:\\\/\\\/immersivdesign.com\\\/privacy-policy\\\/#breadcrumb\"},\"inLanguage\":\"de-CH\",\"potentialAction\":[{\"@type\":\"ReadAction\",\"target\":[\"https:\\\/\\\/immersivdesign.com\\\/privacy-policy\\\/\"]}]},{\"@type\":\"BreadcrumbList\",\"@id\":\"https:\\\/\\\/immersivdesign.com\\\/privacy-policy\\\/#breadcrumb\",\"itemListElement\":[{\"@type\":\"ListItem\",\"position\":1,\"name\":\"Accueil\",\"item\":\"https:\\\/\\\/immersivdesign.com\\\/\"},{\"@type\":\"ListItem\",\"position\":2,\"name\":\"Privacy Policy\"}]},{\"@type\":\"WebSite\",\"@id\":\"https:\\\/\\\/immersivdesign.com\\\/#website\",\"url\":\"https:\\\/\\\/immersivdesign.com\\\/\",\"name\":\"ImmersivDesign\",\"description\":\"Transform your space with Immersivdesign - immersive walls videos relaxation and well-being\",\"publisher\":{\"@id\":\"https:\\\/\\\/immersivdesign.com\\\/#organization\"},\"alternateName\":\"leds and projectors\",\"potentialAction\":[{\"@type\":\"SearchAction\",\"target\":{\"@type\":\"EntryPoint\",\"urlTemplate\":\"https:\\\/\\\/immersivdesign.com\\\/?s={search_term_string}\"},\"query-input\":{\"@type\":\"PropertyValueSpecification\",\"valueRequired\":true,\"valueName\":\"search_term_string\"}}],\"inLanguage\":\"de-CH\"},{\"@type\":\"Organization\",\"@id\":\"https:\\\/\\\/immersivdesign.com\\\/#organization\",\"name\":\"LED Immersiv Design\",\"alternateName\":\"LED video set designer relaxation and well-being\",\"url\":\"https:\\\/\\\/immersivdesign.com\\\/\",\"logo\":{\"@type\":\"ImageObject\",\"inLanguage\":\"de-CH\",\"@id\":\"https:\\\/\\\/immersivdesign.com\\\/#\\\/schema\\\/logo\\\/image\\\/\",\"url\":\"\",\"contentUrl\":\"\",\"caption\":\"LED Immersiv Design\"},\"image\":{\"@id\":\"https:\\\/\\\/immersivdesign.com\\\/#\\\/schema\\\/logo\\\/image\\\/\"},\"sameAs\":[\"https:\\\/\\\/www.facebook.com\\\/profile.php?id=100064013646722\",\"https:\\\/\\\/x.com\\\/ImmersivDesign\",\"https:\\\/\\\/mastodon.social\\\/@Immersivdesign\",\"https:\\\/\\\/www.linkedin.com\\\/in\\\/gilles-n-114b0b207\\\/\",\"https:\\\/\\\/www.instagram.com\\\/decorsvideoimmersifs\\\/\"],\"description\":\"Animated walls have naturally become a commonplace, brightening (and therefore attractive) otherwise dull spaces where it was hard to imagine a solution existed to make them appealing. Today, they exist, bringing with them a sense of well-being and commercial benefits. Contact us to understand and adopt this new, elegant and effective process. That's what we're here for.\",\"email\":\"immersivdesign88@proton.me\",\"telephone\":\"+33.6.12.87.83.64\",\"legalName\":\"ImmersivDesign\",\"publishingPrinciples\":\"https:\\\/\\\/immersivdesign.com\\\/\",\"ownershipFundingInfo\":\"https:\\\/\\\/immersivdesign.com\\\/\",\"actionableFeedbackPolicy\":\"https:\\\/\\\/immersivdesign.com\\\/\",\"correctionsPolicy\":\"https:\\\/\\\/immersivdesign.com\\\/\",\"ethicsPolicy\":\"https:\\\/\\\/immersivdesign.com\\\/\",\"diversityPolicy\":\"https:\\\/\\\/immersivdesign.com\\\/\",\"diversityStaffingReport\":\"https:\\\/\\\/immersivdesign.com\\\/\"}]}<\/script>\n<!-- \/ Yoast SEO Premium plugin. -->","yoast_head_json":{"title":"Datenschutzrichtlinie \u2013 ImmersivDesign","description":"Immersivdesign \u2013 Video-Set-Designer \u2013 Umgebungen schaffen, die fesseln und inspirieren \u2013 Ersteller von Medieninhalten","robots":{"index":"index","follow":"follow","max-snippet":"max-snippet:-1","max-image-preview":"max-image-preview:large","max-video-preview":"max-video-preview:-1"},"canonical":"https:\/\/immersivdesign.com\/de\/privacy-policy\/","og_locale":"de_DE","og_type":"article","og_title":"ImmersivDesign","og_description":"Animated walls have naturally become a commonplace, brightening (and therefore attractive) otherwise dull spaces where it was hard to imagine a solution existed to make them appealing.Today, they exist, bringing with them a sense of well-being and commercial benefits.Contact us to understand and adopt this new, elegant and effective process. That's what we're here for","og_url":"https:\/\/immersivdesign.com\/de\/privacy-policy\/","og_site_name":"ImmersivDesign","article_publisher":"https:\/\/www.facebook.com\/profile.php?id=100064013646722","article_modified_time":"2026-04-26T13:45:31+00:00","og_image":[{"width":1903,"height":882,"url":"https:\/\/immersivdesign.com\/wp-content\/uploads\/2025\/12\/Welcome-ImmersivDesign-immersive-experience-total-immersion.webp","type":"image\/webp"}],"twitter_card":"summary_large_image","twitter_site":"@ImmersivDesign","twitter_misc":{"Gesch\u00e4tzte Lesezeit":"1\u00a0Minute"},"schema":{"@context":"https:\/\/schema.org","@graph":[{"@type":"WebPage","@id":"https:\/\/immersivdesign.com\/privacy-policy\/","url":"https:\/\/immersivdesign.com\/privacy-policy\/","name":"Datenschutzrichtlinie \u2013 ImmersivDesign","isPartOf":{"@id":"https:\/\/immersivdesign.com\/#website"},"datePublished":"2024-03-09T11:57:55+00:00","dateModified":"2026-04-26T13:45:31+00:00","description":"Immersivdesign \u2013 Video-Set-Designer \u2013 Umgebungen schaffen, die fesseln und inspirieren \u2013 Ersteller von Medieninhalten","breadcrumb":{"@id":"https:\/\/immersivdesign.com\/privacy-policy\/#breadcrumb"},"inLanguage":"de-CH","potentialAction":[{"@type":"ReadAction","target":["https:\/\/immersivdesign.com\/privacy-policy\/"]}]},{"@type":"BreadcrumbList","@id":"https:\/\/immersivdesign.com\/privacy-policy\/#breadcrumb","itemListElement":[{"@type":"ListItem","position":1,"name":"Accueil","item":"https:\/\/immersivdesign.com\/"},{"@type":"ListItem","position":2,"name":"Privacy Policy"}]},{"@type":"WebSite","@id":"https:\/\/immersivdesign.com\/#website","url":"https:\/\/immersivdesign.com\/","name":"ImmersivDesign","description":"Verwandeln Sie Ihren Raum mit Immersivdesign \u2013 immersive W\u00e4nde, Videos, Entspannung und Wohlbefinden","publisher":{"@id":"https:\/\/immersivdesign.com\/#organization"},"alternateName":"leds and projectors","potentialAction":[{"@type":"SearchAction","target":{"@type":"EntryPoint","urlTemplate":"https:\/\/immersivdesign.com\/?s={search_term_string}"},"query-input":{"@type":"PropertyValueSpecification","valueRequired":true,"valueName":"search_term_string"}}],"inLanguage":"de-CH"},{"@type":"Organization","@id":"https:\/\/immersivdesign.com\/#organization","name":"Immersives LED-Design","alternateName":"LED video set designer relaxation and well-being","url":"https:\/\/immersivdesign.com\/","logo":{"@type":"ImageObject","inLanguage":"de-CH","@id":"https:\/\/immersivdesign.com\/#\/schema\/logo\/image\/","url":"","contentUrl":"","caption":"LED Immersiv Design"},"image":{"@id":"https:\/\/immersivdesign.com\/#\/schema\/logo\/image\/"},"sameAs":["https:\/\/www.facebook.com\/profile.php?id=100064013646722","https:\/\/x.com\/ImmersivDesign","https:\/\/mastodon.social\/@Immersivdesign","https:\/\/www.linkedin.com\/in\/gilles-n-114b0b207\/","https:\/\/www.instagram.com\/decorsvideoimmersifs\/"],"description":"Belebte W\u00e4nde sind mittlerweile selbstverst\u00e4ndlich und versch\u00f6nern (und machen) sonst langweilige R\u00e4ume attraktiver, f\u00fcr die man sich kaum eine L\u00f6sung vorstellen konnte. Heute gibt es sie, die Wohlbefinden und wirtschaftliche Vorteile mit sich bringen. Kontaktieren Sie uns, um dieses neue, elegante und effektive Verfahren kennenzulernen und umzusetzen. Daf\u00fcr sind wir da.","email":"immersivdesign88@proton.me","telephone":"+33.6.12.87.83.64","legalName":"ImmersivDesign","publishingPrinciples":"https:\/\/immersivdesign.com\/","ownershipFundingInfo":"https:\/\/immersivdesign.com\/","actionableFeedbackPolicy":"https:\/\/immersivdesign.com\/","correctionsPolicy":"https:\/\/immersivdesign.com\/","ethicsPolicy":"https:\/\/immersivdesign.com\/","diversityPolicy":"https:\/\/immersivdesign.com\/","diversityStaffingReport":"https:\/\/immersivdesign.com\/"}]}},"_links":{"self":[{"href":"https:\/\/immersivdesign.com\/de\/wp-json\/wp\/v2\/pages\/3","targetHints":{"allow":["GET"]}}],"collection":[{"href":"https:\/\/immersivdesign.com\/de\/wp-json\/wp\/v2\/pages"}],"about":[{"href":"https:\/\/immersivdesign.com\/de\/wp-json\/wp\/v2\/types\/page"}],"author":[{"embeddable":true,"href":"https:\/\/immersivdesign.com\/de\/wp-json\/wp\/v2\/users\/1"}],"replies":[{"embeddable":true,"href":"https:\/\/immersivdesign.com\/de\/wp-json\/wp\/v2\/comments?post=3"}],"version-history":[{"count":0,"href":"https:\/\/immersivdesign.com\/de\/wp-json\/wp\/v2\/pages\/3\/revisions"}],"wp:attachment":[{"href":"https:\/\/immersivdesign.com\/de\/wp-json\/wp\/v2\/media?parent=3"}],"curies":[{"name":"wp","href":"https:\/\/api.w.org\/{rel}","templated":true}]}}