{"id":3,"date":"2024-03-09T11:57:55","date_gmt":"2024-03-09T11:57:55","guid":{"rendered":"https:\/\/immersivdesign.com\/?page_id=3"},"modified":"2026-04-26T15:45:31","modified_gmt":"2026-04-26T13:45:31","slug":"privacy-policy","status":"publish","type":"page","link":"https:\/\/immersivdesign.com\/hr\/privacy-policy\/","title":{"rendered":"Pravila o privatnosti"},"content":{"rendered":"<section class=\"section\" id=\"section_521108125\">\n\t\t<div class=\"section-bg fill\" >\n\t\t\t\t\t\t\t\t\t\n\t\t\t\n\n\t\t<\/div>\n\n\t\t\n\n\t\t<div class=\"section-content relative\">\n\t\t\t\n\n<div class=\"row align-center\"  id=\"row-816190855\">\n\n\n\t<div id=\"col-163901280\" class=\"col small-12 large-12\"  >\n\t\t\t\t<div class=\"col-inner\"  >\n\t\t\t\n\t\t\t\n\n\t<div id=\"text-1944618136\" class=\"text\">\n\t\t\n\n<h3><span class=\"HwtZe\" lang=\"en\"><span class=\"jCAhz ChMk0b\"><span class=\"ryNqvb\">Ovu web stranicu objavljuje: <strong>IMMERSIVDESIGN<\/strong><\/span><\/span><\/span><\/h3>\n<p><span class=\"HwtZe\" lang=\"en\"><span class=\"jCAhz ChMk0b\"><span class=\"ryNqvb\"><u>Kontakt:<\/u><\/span><\/span><\/span><span class=\"HwtZe\" lang=\"en\"><span class=\"jCAhz ChMk0b\"><span class=\"ryNqvb\"><br \/>Broj SIRENE: <strong>514 413 509 <\/strong><\/span><\/span><\/span><\/p>\n<p><span class=\"HwtZe\" lang=\"en\"><span class=\"jCAhz ChMk0b\"><span class=\"ryNqvb\">Cijela ova web stranica ure\u0111ena je francuskim zakonom o autorskim pravima i intelektualnom vlasni\u0161tvu \u2013 Zakonom br. 2004-575 od 21. lipnja 2004. o povjerenju u digitalno gospodarstvo.<br \/><strong>Sva prava na reprodukciju su pridr\u017eana<\/strong>, uklju\u010duju\u0107i dokumente za preuzimanje te ikonografske i fotografske prikaze.<\/span><\/span><span class=\"jCAhz ChMk0b\"><span class=\"ryNqvb\"><br \/><strong>Reprodukcija cijelog ili dijela<\/strong> kori\u0161tenje ove web stranice na bilo kojem mediju je strogo zabranjeno.<\/span><\/span><span class=\"jCAhz ChMk0b\"><span class=\"ryNqvb\"> Za\u0161titni znakovi spomenuti na ovoj web stranici registrirani su od strane njihovih vlasnika.<\/span><\/span><\/span><\/p>\n<p><span class=\"HwtZe\" lang=\"en\"><span class=\"jCAhz ChMk0b\"><span class=\"ryNqvb\"><strong>IMMERSIVDESIGN<\/strong> zadr\u017eava prava kori\u0161tenja svih elemenata dostupnih na web stranici (fotografije, videozapisi, tekst i logotip).<\/span><\/span><span class=\"jCAhz ChMk0b\"><span class=\"ryNqvb\"> Podaci koji se pojavljuju na ovoj web stranici pru\u017eaju se samo u informativne svrhe i nemaju ugovornu vrijednost.<\/span><\/span><\/span><\/p>\n<p><span class=\"HwtZe\" lang=\"en\"><span class=\"jCAhz ChMk0b\"><span class=\"ryNqvb\"><strong>IMMERSIVDESIGN<\/strong> zadr\u017eava pravo ispravljanja sadr\u017eaja ove web stranice u bilo kojem trenutku i bez prethodne najave.<\/span><\/span><\/span><\/p>\n<p><span class=\"HwtZe\" lang=\"en\"><span class=\"jCAhz ChMk0b\"><span class=\"ryNqvb\"><strong>IMMERSIVDESIGN<\/strong> odri\u010de se svake odgovornosti za bilo kakve pogre\u0161ke ili propuste koji mogu postojati na web stranici.<\/span><\/span><span class=\"jCAhz ChMk0b\"><span class=\"ryNqvb\"><br \/>Web stranica nije odgovorna za bilo kakvu upotrebu informacija sadr\u017eanih na stranici od strane posjetitelja.<\/span><\/span><span class=\"jCAhz ChMk0b\"><span class=\"ryNqvb\"><br \/>Ova web stranica sadr\u017ei hiperveze na sadr\u017eaj vezan uz <strong>IMMERSIVDESIGN<\/strong>.<\/span><\/span><\/span><\/p>\n<p><span class=\"HwtZe\" lang=\"en\"><span class=\"jCAhz\"><span class=\"ryNqvb\">Nikakvi osobni podaci o posjetiteljima ne objavljuju se, ne prenose niti ne prodaju bez njihovog znanja na bilo kojem drugom mediju.<\/span><\/span><span class=\"jCAhz ChMk0b\"><span class=\"ryNqvb\"><br \/>Web stranica je u skladu s francuskim Zakonom o za\u0161titi podataka od 1. srpnja 1998. i propisima CNIL-a (Francuske agencije za za\u0161titu podataka).<\/span><\/span><\/span><\/p>\n<p><span class=\"HwtZe\" lang=\"en\"><span class=\"jCAhz ChMk0b\"><span class=\"ryNqvb\">Svaki spor podlije\u017ee francuskom pravu.<\/span><\/span><\/span><\/p>\n\t\t\n<style>\n#text-1944618136 {\n  color: rgb(255,255,255);\n}\n#text-1944618136 > * {\n  color: rgb(255,255,255);\n}\n<\/style>\n\t<\/div>\n\t\n\n\t\t<\/div>\n\t\t\t\t\t<\/div>\n\n\t\n\n<\/div>\n\n\t\t<\/div>\n\n\t\t\n<style>\n#section_521108125 {\n  padding-top: 30px;\n  padding-bottom: 30px;\n}\n<\/style>\n\t<\/section>","protected":false},"excerpt":{"rendered":"","protected":false},"author":1,"featured_media":0,"parent":0,"menu_order":0,"comment_status":"closed","ping_status":"open","template":"","meta":{"iawp_total_views":0,"footnotes":""},"class_list":["post-3","page","type-page","status-publish","hentry"],"yoast_head":"<!-- This site is optimized with the Yoast SEO Premium plugin v27.4 (Yoast SEO v27.4) - https:\/\/yoast.com\/product\/yoast-seo-premium-wordpress\/ -->\n<title>Privacy Policy - ImmersivDesign<\/title>\n<meta name=\"description\" content=\"Immersivdesign - video set designer - Crafting Environments that Engage and Inspire - media content creator\" \/>\n<meta name=\"robots\" content=\"index, follow, max-snippet:-1, max-image-preview:large, max-video-preview:-1\" \/>\n<link rel=\"canonical\" href=\"https:\/\/immersivdesign.com\/hr\/privacy-policy\/\" \/>\n<meta property=\"og:locale\" content=\"hr_HR\" \/>\n<meta property=\"og:type\" content=\"article\" \/>\n<meta property=\"og:title\" content=\"ImmersivDesign\" \/>\n<meta property=\"og:description\" content=\"Animated walls have naturally become a commonplace, brightening (and therefore attractive) otherwise dull spaces where it was hard to imagine a solution existed to make them appealing.Today, they exist, bringing with them a sense of well-being and commercial benefits.Contact us to understand and adopt this new, elegant and effective process. That&#039;s what we&#039;re here for\" \/>\n<meta property=\"og:url\" content=\"https:\/\/immersivdesign.com\/hr\/privacy-policy\/\" \/>\n<meta property=\"og:site_name\" content=\"ImmersivDesign\" \/>\n<meta property=\"article:publisher\" content=\"https:\/\/www.facebook.com\/profile.php?id=100064013646722\" \/>\n<meta property=\"article:modified_time\" content=\"2026-04-26T13:45:31+00:00\" \/>\n<meta property=\"og:image\" content=\"https:\/\/immersivdesign.com\/wp-content\/uploads\/2025\/12\/Welcome-ImmersivDesign-immersive-experience-total-immersion.webp\" \/>\n\t<meta property=\"og:image:width\" content=\"1903\" \/>\n\t<meta property=\"og:image:height\" content=\"882\" \/>\n\t<meta property=\"og:image:type\" content=\"image\/webp\" \/>\n<meta name=\"twitter:card\" content=\"summary_large_image\" \/>\n<meta name=\"twitter:site\" content=\"@ImmersivDesign\" \/>\n<meta name=\"twitter:label1\" content=\"Procijenjeno vrijeme \u010ditanja\" \/>\n\t<meta name=\"twitter:data1\" content=\"1 minuta\" \/>\n<script type=\"application\/ld+json\" class=\"yoast-schema-graph\">{\"@context\":\"https:\\\/\\\/schema.org\",\"@graph\":[{\"@type\":\"WebPage\",\"@id\":\"https:\\\/\\\/immersivdesign.com\\\/privacy-policy\\\/\",\"url\":\"https:\\\/\\\/immersivdesign.com\\\/privacy-policy\\\/\",\"name\":\"Privacy Policy - ImmersivDesign\",\"isPartOf\":{\"@id\":\"https:\\\/\\\/immersivdesign.com\\\/#website\"},\"datePublished\":\"2024-03-09T11:57:55+00:00\",\"dateModified\":\"2026-04-26T13:45:31+00:00\",\"description\":\"Immersivdesign - video set designer - Crafting Environments that Engage and Inspire - media content creator\",\"breadcrumb\":{\"@id\":\"https:\\\/\\\/immersivdesign.com\\\/privacy-policy\\\/#breadcrumb\"},\"inLanguage\":\"hr\",\"potentialAction\":[{\"@type\":\"ReadAction\",\"target\":[\"https:\\\/\\\/immersivdesign.com\\\/privacy-policy\\\/\"]}]},{\"@type\":\"BreadcrumbList\",\"@id\":\"https:\\\/\\\/immersivdesign.com\\\/privacy-policy\\\/#breadcrumb\",\"itemListElement\":[{\"@type\":\"ListItem\",\"position\":1,\"name\":\"Accueil\",\"item\":\"https:\\\/\\\/immersivdesign.com\\\/\"},{\"@type\":\"ListItem\",\"position\":2,\"name\":\"Privacy Policy\"}]},{\"@type\":\"WebSite\",\"@id\":\"https:\\\/\\\/immersivdesign.com\\\/#website\",\"url\":\"https:\\\/\\\/immersivdesign.com\\\/\",\"name\":\"ImmersivDesign\",\"description\":\"Transform your space with Immersivdesign - immersive walls videos relaxation and well-being\",\"publisher\":{\"@id\":\"https:\\\/\\\/immersivdesign.com\\\/#organization\"},\"alternateName\":\"leds and projectors\",\"potentialAction\":[{\"@type\":\"SearchAction\",\"target\":{\"@type\":\"EntryPoint\",\"urlTemplate\":\"https:\\\/\\\/immersivdesign.com\\\/?s={search_term_string}\"},\"query-input\":{\"@type\":\"PropertyValueSpecification\",\"valueRequired\":true,\"valueName\":\"search_term_string\"}}],\"inLanguage\":\"hr\"},{\"@type\":\"Organization\",\"@id\":\"https:\\\/\\\/immersivdesign.com\\\/#organization\",\"name\":\"LED Immersiv Design\",\"alternateName\":\"LED video set designer relaxation and well-being\",\"url\":\"https:\\\/\\\/immersivdesign.com\\\/\",\"logo\":{\"@type\":\"ImageObject\",\"inLanguage\":\"hr\",\"@id\":\"https:\\\/\\\/immersivdesign.com\\\/#\\\/schema\\\/logo\\\/image\\\/\",\"url\":\"\",\"contentUrl\":\"\",\"caption\":\"LED Immersiv Design\"},\"image\":{\"@id\":\"https:\\\/\\\/immersivdesign.com\\\/#\\\/schema\\\/logo\\\/image\\\/\"},\"sameAs\":[\"https:\\\/\\\/www.facebook.com\\\/profile.php?id=100064013646722\",\"https:\\\/\\\/x.com\\\/ImmersivDesign\",\"https:\\\/\\\/mastodon.social\\\/@Immersivdesign\",\"https:\\\/\\\/www.linkedin.com\\\/in\\\/gilles-n-114b0b207\\\/\",\"https:\\\/\\\/www.instagram.com\\\/decorsvideoimmersifs\\\/\"],\"description\":\"Animated walls have naturally become a commonplace, brightening (and therefore attractive) otherwise dull spaces where it was hard to imagine a solution existed to make them appealing. Today, they exist, bringing with them a sense of well-being and commercial benefits. Contact us to understand and adopt this new, elegant and effective process. That's what we're here for.\",\"email\":\"immersivdesign88@proton.me\",\"telephone\":\"+33.6.12.87.83.64\",\"legalName\":\"ImmersivDesign\",\"publishingPrinciples\":\"https:\\\/\\\/immersivdesign.com\\\/\",\"ownershipFundingInfo\":\"https:\\\/\\\/immersivdesign.com\\\/\",\"actionableFeedbackPolicy\":\"https:\\\/\\\/immersivdesign.com\\\/\",\"correctionsPolicy\":\"https:\\\/\\\/immersivdesign.com\\\/\",\"ethicsPolicy\":\"https:\\\/\\\/immersivdesign.com\\\/\",\"diversityPolicy\":\"https:\\\/\\\/immersivdesign.com\\\/\",\"diversityStaffingReport\":\"https:\\\/\\\/immersivdesign.com\\\/\"}]}<\/script>\n<!-- \/ Yoast SEO Premium plugin. -->","yoast_head_json":{"title":"Pravila privatnosti - ImmersivDesign","description":"Immersivdesign - dizajner video scenografije - Stvaranje okru\u017eenja koja anga\u017eiraju i inspiriraju - kreator medijskog sadr\u017eaja","robots":{"index":"index","follow":"follow","max-snippet":"max-snippet:-1","max-image-preview":"max-image-preview:large","max-video-preview":"max-video-preview:-1"},"canonical":"https:\/\/immersivdesign.com\/hr\/privacy-policy\/","og_locale":"hr_HR","og_type":"article","og_title":"ImmersivDesign","og_description":"Animated walls have naturally become a commonplace, brightening (and therefore attractive) otherwise dull spaces where it was hard to imagine a solution existed to make them appealing.Today, they exist, bringing with them a sense of well-being and commercial benefits.Contact us to understand and adopt this new, elegant and effective process. That's what we're here for","og_url":"https:\/\/immersivdesign.com\/hr\/privacy-policy\/","og_site_name":"ImmersivDesign","article_publisher":"https:\/\/www.facebook.com\/profile.php?id=100064013646722","article_modified_time":"2026-04-26T13:45:31+00:00","og_image":[{"width":1903,"height":882,"url":"https:\/\/immersivdesign.com\/wp-content\/uploads\/2025\/12\/Welcome-ImmersivDesign-immersive-experience-total-immersion.webp","type":"image\/webp"}],"twitter_card":"summary_large_image","twitter_site":"@ImmersivDesign","twitter_misc":{"Procijenjeno vrijeme \u010ditanja":"1 minuta"},"schema":{"@context":"https:\/\/schema.org","@graph":[{"@type":"WebPage","@id":"https:\/\/immersivdesign.com\/privacy-policy\/","url":"https:\/\/immersivdesign.com\/privacy-policy\/","name":"Pravila privatnosti - ImmersivDesign","isPartOf":{"@id":"https:\/\/immersivdesign.com\/#website"},"datePublished":"2024-03-09T11:57:55+00:00","dateModified":"2026-04-26T13:45:31+00:00","description":"Immersivdesign - dizajner video scenografije - Stvaranje okru\u017eenja koja anga\u017eiraju i inspiriraju - kreator medijskog sadr\u017eaja","breadcrumb":{"@id":"https:\/\/immersivdesign.com\/privacy-policy\/#breadcrumb"},"inLanguage":"hr","potentialAction":[{"@type":"ReadAction","target":["https:\/\/immersivdesign.com\/privacy-policy\/"]}]},{"@type":"BreadcrumbList","@id":"https:\/\/immersivdesign.com\/privacy-policy\/#breadcrumb","itemListElement":[{"@type":"ListItem","position":1,"name":"Accueil","item":"https:\/\/immersivdesign.com\/"},{"@type":"ListItem","position":2,"name":"Privacy Policy"}]},{"@type":"WebSite","@id":"https:\/\/immersivdesign.com\/#website","url":"https:\/\/immersivdesign.com\/","name":"ImmersivDesign","description":"Transformirajte svoj prostor uz Immersivdesign - videozapisi imerzivnih zidova za opu\u0161tanje i blagostanje","publisher":{"@id":"https:\/\/immersivdesign.com\/#organization"},"alternateName":"leds and projectors","potentialAction":[{"@type":"SearchAction","target":{"@type":"EntryPoint","urlTemplate":"https:\/\/immersivdesign.com\/?s={search_term_string}"},"query-input":{"@type":"PropertyValueSpecification","valueRequired":true,"valueName":"search_term_string"}}],"inLanguage":"hr"},{"@type":"Organization","@id":"https:\/\/immersivdesign.com\/#organization","name":"LED impresivni dizajn","alternateName":"LED video set designer relaxation and well-being","url":"https:\/\/immersivdesign.com\/","logo":{"@type":"ImageObject","inLanguage":"hr","@id":"https:\/\/immersivdesign.com\/#\/schema\/logo\/image\/","url":"","contentUrl":"","caption":"LED Immersiv Design"},"image":{"@id":"https:\/\/immersivdesign.com\/#\/schema\/logo\/image\/"},"sameAs":["https:\/\/www.facebook.com\/profile.php?id=100064013646722","https:\/\/x.com\/ImmersivDesign","https:\/\/mastodon.social\/@Immersivdesign","https:\/\/www.linkedin.com\/in\/gilles-n-114b0b207\/","https:\/\/www.instagram.com\/decorsvideoimmersifs\/"],"description":"Animirani zidovi prirodno su postali uobi\u010dajena pojava, uljep\u0161avaju\u0107i (i time \u010dine\u0107i privla\u010dnim) ina\u010de dosadne prostore gdje je bilo te\u0161ko zamisliti rje\u0161enje koje bi ih u\u010dinilo privla\u010dnima. Danas postoje, donose\u0107i sa sobom osje\u0107aj blagostanja i komercijalne koristi. Kontaktirajte nas kako biste razumjeli i usvojili ovaj novi, elegantan i u\u010dinkovit proces. Zato smo ovdje.","email":"immersivdesign88@proton.me","telephone":"+33.6.12.87.83.64","legalName":"ImmersivDesign","publishingPrinciples":"https:\/\/immersivdesign.com\/","ownershipFundingInfo":"https:\/\/immersivdesign.com\/","actionableFeedbackPolicy":"https:\/\/immersivdesign.com\/","correctionsPolicy":"https:\/\/immersivdesign.com\/","ethicsPolicy":"https:\/\/immersivdesign.com\/","diversityPolicy":"https:\/\/immersivdesign.com\/","diversityStaffingReport":"https:\/\/immersivdesign.com\/"}]}},"_links":{"self":[{"href":"https:\/\/immersivdesign.com\/hr\/wp-json\/wp\/v2\/pages\/3","targetHints":{"allow":["GET"]}}],"collection":[{"href":"https:\/\/immersivdesign.com\/hr\/wp-json\/wp\/v2\/pages"}],"about":[{"href":"https:\/\/immersivdesign.com\/hr\/wp-json\/wp\/v2\/types\/page"}],"author":[{"embeddable":true,"href":"https:\/\/immersivdesign.com\/hr\/wp-json\/wp\/v2\/users\/1"}],"replies":[{"embeddable":true,"href":"https:\/\/immersivdesign.com\/hr\/wp-json\/wp\/v2\/comments?post=3"}],"version-history":[{"count":0,"href":"https:\/\/immersivdesign.com\/hr\/wp-json\/wp\/v2\/pages\/3\/revisions"}],"wp:attachment":[{"href":"https:\/\/immersivdesign.com\/hr\/wp-json\/wp\/v2\/media?parent=3"}],"curies":[{"name":"wp","href":"https:\/\/api.w.org\/{rel}","templated":true}]}}