{"id":3,"date":"2024-03-09T11:57:55","date_gmt":"2024-03-09T11:57:55","guid":{"rendered":"https:\/\/immersivdesign.com\/?page_id=3"},"modified":"2026-04-26T15:45:31","modified_gmt":"2026-04-26T13:45:31","slug":"privacy-policy","status":"publish","type":"page","link":"https:\/\/immersivdesign.com\/ro\/privacy-policy\/","title":{"rendered":"Politica de confiden\u021bialitate"},"content":{"rendered":"<section class=\"section\" id=\"section_1014396751\">\n\t\t<div class=\"section-bg fill\" >\n\t\t\t\t\t\t\t\t\t\n\t\t\t\n\n\t\t<\/div>\n\n\t\t\n\n\t\t<div class=\"section-content relative\">\n\t\t\t\n\n<div class=\"row align-center\"  id=\"row-405031634\">\n\n\n\t<div id=\"col-1998858548\" class=\"col small-12 large-12\"  >\n\t\t\t\t<div class=\"col-inner\"  >\n\t\t\t\n\t\t\t\n\n\t<div id=\"text-3846751337\" class=\"text\">\n\t\t\n\n<h3><span class=\"HwtZe\" lang=\"en\"><span class=\"jCAhz ChMk0b\"><span class=\"ryNqvb\">Acest site web este publicat de: <strong>IMMERSIVSDESIGN<\/strong><\/span><\/span><\/span><\/h3>\n<p><span class=\"HwtZe\" lang=\"en\"><span class=\"jCAhz ChMk0b\"><span class=\"ryNqvb\"><u>Contact:<\/u><\/span><\/span><\/span><span class=\"HwtZe\" lang=\"en\"><span class=\"jCAhz ChMk0b\"><span class=\"ryNqvb\"><br \/>Num\u0103r SIREN: <strong>514 413 509 <\/strong><\/span><\/span><\/span><\/p>\n<p><span class=\"HwtZe\" lang=\"en\"><span class=\"jCAhz ChMk0b\"><span class=\"ryNqvb\">\u00centregul site web este guvernat de legea francez\u0103 privind drepturile de autor \u0219i proprietatea intelectual\u0103 \u2013 Legea nr. 2004-575 din 21 iunie 2004 privind \u00eencrederea \u00een economia digital\u0103.<br \/><strong>Toate drepturile de reproducere sunt rezervate<\/strong>, inclusiv documente desc\u0103rcabile \u0219i reprezent\u0103ri iconografice \u0219i fotografice.<\/span><\/span><span class=\"jCAhz ChMk0b\"><span class=\"ryNqvb\"><br \/><strong>Reproducerea total\u0103 sau par\u021bial\u0103<\/strong> a acestui site web pe orice mediu este strict interzis\u0103.<\/span><\/span><span class=\"jCAhz ChMk0b\"><span class=\"ryNqvb\"> M\u0103rcile comerciale men\u021bionate pe acest site web sunt \u00eenregistrate de c\u0103tre de\u021bin\u0103torii respectivi.<\/span><\/span><\/span><\/p>\n<p><span class=\"HwtZe\" lang=\"en\"><span class=\"jCAhz ChMk0b\"><span class=\"ryNqvb\"><strong>IMMERSIVSDESIGN<\/strong> de\u021bine drepturile de utilizare a tuturor elementelor accesibile pe site (fotografii, videoclipuri, text \u0219i logo).<\/span><\/span><span class=\"jCAhz ChMk0b\"><span class=\"ryNqvb\"> Datele care apar pe acest site web sunt furnizate doar \u00een scop informativ \u0219i nu au valoare contractual\u0103.<\/span><\/span><\/span><\/p>\n<p><span class=\"HwtZe\" lang=\"en\"><span class=\"jCAhz ChMk0b\"><span class=\"ryNqvb\"><strong>IMMERSIVSDESIGN<\/strong> \u00ee\u0219i rezerv\u0103 dreptul de a corecta con\u021binutul acestui site web \u00een orice moment \u0219i f\u0103r\u0103 notificare prealabil\u0103.<\/span><\/span><\/span><\/p>\n<p><span class=\"HwtZe\" lang=\"en\"><span class=\"jCAhz ChMk0b\"><span class=\"ryNqvb\"><strong>IMMERSIVSDESIGN<\/strong> \u00ee\u0219i declin\u0103 orice r\u0103spundere pentru orice erori sau omisiuni care pot exista pe site-ul web.<\/span><\/span><span class=\"jCAhz ChMk0b\"><span class=\"ryNqvb\"><br \/>Site-ul web nu este responsabil pentru nicio utilizare de c\u0103tre un vizitator a informa\u021biilor con\u021binute pe site.<\/span><\/span><span class=\"jCAhz ChMk0b\"><span class=\"ryNqvb\"><br \/>Acest site web con\u021bine hyperlinkuri c\u0103tre con\u021binut legat de <strong>IMMERSIVSDESIGN<\/strong>.<\/span><\/span><\/span><\/p>\n<p><span class=\"HwtZe\" lang=\"en\"><span class=\"jCAhz\"><span class=\"ryNqvb\">Nicio informa\u021bie personal\u0103 despre vizitatori nu este publicat\u0103, transferat\u0103 sau v\u00e2ndut\u0103 f\u0103r\u0103 \u0219tirea acestora pe niciun alt mediu.<\/span><\/span><span class=\"jCAhz ChMk0b\"><span class=\"ryNqvb\"><br \/>Site-ul web respect\u0103 Legea francez\u0103 privind protec\u021bia datelor din 1 iulie 1998 \u0219i reglement\u0103rile CNIL (Autoritatea Francez\u0103 pentru Protec\u021bia Datelor).<\/span><\/span><\/span><\/p>\n<p><span class=\"HwtZe\" lang=\"en\"><span class=\"jCAhz ChMk0b\"><span class=\"ryNqvb\">Orice litigiu este supus legisla\u021biei franceze.<\/span><\/span><\/span><\/p>\n\t\t\n<style>\n#text-3846751337 {\n  color: rgb(255,255,255);\n}\n#text-3846751337 > * {\n  color: rgb(255,255,255);\n}\n<\/style>\n\t<\/div>\n\t\n\n\t\t<\/div>\n\t\t\t\t\t<\/div>\n\n\t\n\n<\/div>\n\n\t\t<\/div>\n\n\t\t\n<style>\n#section_1014396751 {\n  padding-top: 30px;\n  padding-bottom: 30px;\n}\n<\/style>\n\t<\/section>","protected":false},"excerpt":{"rendered":"","protected":false},"author":1,"featured_media":0,"parent":0,"menu_order":0,"comment_status":"closed","ping_status":"open","template":"","meta":{"iawp_total_views":0,"footnotes":""},"class_list":["post-3","page","type-page","status-publish","hentry"],"yoast_head":"<!-- This site is optimized with the Yoast SEO Premium plugin v27.4 (Yoast SEO v27.4) - https:\/\/yoast.com\/product\/yoast-seo-premium-wordpress\/ -->\n<title>Privacy Policy - ImmersivDesign<\/title>\n<meta name=\"description\" content=\"Immersivdesign - video set designer - Crafting Environments that Engage and Inspire - media content creator\" \/>\n<meta name=\"robots\" content=\"index, follow, max-snippet:-1, max-image-preview:large, max-video-preview:-1\" \/>\n<link rel=\"canonical\" href=\"https:\/\/immersivdesign.com\/ro\/privacy-policy\/\" \/>\n<meta property=\"og:locale\" content=\"ro_RO\" \/>\n<meta property=\"og:type\" content=\"article\" \/>\n<meta property=\"og:title\" content=\"ImmersivDesign\" \/>\n<meta property=\"og:description\" content=\"Animated walls have naturally become a commonplace, brightening (and therefore attractive) otherwise dull spaces where it was hard to imagine a solution existed to make them appealing.Today, they exist, bringing with them a sense of well-being and commercial benefits.Contact us to understand and adopt this new, elegant and effective process. That&#039;s what we&#039;re here for\" \/>\n<meta property=\"og:url\" content=\"https:\/\/immersivdesign.com\/ro\/privacy-policy\/\" \/>\n<meta property=\"og:site_name\" content=\"ImmersivDesign\" \/>\n<meta property=\"article:publisher\" content=\"https:\/\/www.facebook.com\/profile.php?id=100064013646722\" \/>\n<meta property=\"article:modified_time\" content=\"2026-04-26T13:45:31+00:00\" \/>\n<meta property=\"og:image\" content=\"https:\/\/immersivdesign.com\/wp-content\/uploads\/2025\/12\/Welcome-ImmersivDesign-immersive-experience-total-immersion.webp\" \/>\n\t<meta property=\"og:image:width\" content=\"1903\" \/>\n\t<meta property=\"og:image:height\" content=\"882\" \/>\n\t<meta property=\"og:image:type\" content=\"image\/webp\" \/>\n<meta name=\"twitter:card\" content=\"summary_large_image\" \/>\n<meta name=\"twitter:site\" content=\"@ImmersivDesign\" \/>\n<meta name=\"twitter:label1\" content=\"Timp estimat pentru citire\" \/>\n\t<meta name=\"twitter:data1\" content=\"1 minut\" \/>\n<script type=\"application\/ld+json\" class=\"yoast-schema-graph\">{\"@context\":\"https:\\\/\\\/schema.org\",\"@graph\":[{\"@type\":\"WebPage\",\"@id\":\"https:\\\/\\\/immersivdesign.com\\\/privacy-policy\\\/\",\"url\":\"https:\\\/\\\/immersivdesign.com\\\/privacy-policy\\\/\",\"name\":\"Privacy Policy - ImmersivDesign\",\"isPartOf\":{\"@id\":\"https:\\\/\\\/immersivdesign.com\\\/#website\"},\"datePublished\":\"2024-03-09T11:57:55+00:00\",\"dateModified\":\"2026-04-26T13:45:31+00:00\",\"description\":\"Immersivdesign - video set designer - Crafting Environments that Engage and Inspire - media content creator\",\"breadcrumb\":{\"@id\":\"https:\\\/\\\/immersivdesign.com\\\/privacy-policy\\\/#breadcrumb\"},\"inLanguage\":\"ro-RO\",\"potentialAction\":[{\"@type\":\"ReadAction\",\"target\":[\"https:\\\/\\\/immersivdesign.com\\\/privacy-policy\\\/\"]}]},{\"@type\":\"BreadcrumbList\",\"@id\":\"https:\\\/\\\/immersivdesign.com\\\/privacy-policy\\\/#breadcrumb\",\"itemListElement\":[{\"@type\":\"ListItem\",\"position\":1,\"name\":\"Accueil\",\"item\":\"https:\\\/\\\/immersivdesign.com\\\/\"},{\"@type\":\"ListItem\",\"position\":2,\"name\":\"Privacy Policy\"}]},{\"@type\":\"WebSite\",\"@id\":\"https:\\\/\\\/immersivdesign.com\\\/#website\",\"url\":\"https:\\\/\\\/immersivdesign.com\\\/\",\"name\":\"ImmersivDesign\",\"description\":\"Transform your space with Immersivdesign - immersive walls videos relaxation and well-being\",\"publisher\":{\"@id\":\"https:\\\/\\\/immersivdesign.com\\\/#organization\"},\"alternateName\":\"leds and projectors\",\"potentialAction\":[{\"@type\":\"SearchAction\",\"target\":{\"@type\":\"EntryPoint\",\"urlTemplate\":\"https:\\\/\\\/immersivdesign.com\\\/?s={search_term_string}\"},\"query-input\":{\"@type\":\"PropertyValueSpecification\",\"valueRequired\":true,\"valueName\":\"search_term_string\"}}],\"inLanguage\":\"ro-RO\"},{\"@type\":\"Organization\",\"@id\":\"https:\\\/\\\/immersivdesign.com\\\/#organization\",\"name\":\"LED Immersiv Design\",\"alternateName\":\"LED video set designer relaxation and well-being\",\"url\":\"https:\\\/\\\/immersivdesign.com\\\/\",\"logo\":{\"@type\":\"ImageObject\",\"inLanguage\":\"ro-RO\",\"@id\":\"https:\\\/\\\/immersivdesign.com\\\/#\\\/schema\\\/logo\\\/image\\\/\",\"url\":\"\",\"contentUrl\":\"\",\"caption\":\"LED Immersiv Design\"},\"image\":{\"@id\":\"https:\\\/\\\/immersivdesign.com\\\/#\\\/schema\\\/logo\\\/image\\\/\"},\"sameAs\":[\"https:\\\/\\\/www.facebook.com\\\/profile.php?id=100064013646722\",\"https:\\\/\\\/x.com\\\/ImmersivDesign\",\"https:\\\/\\\/mastodon.social\\\/@Immersivdesign\",\"https:\\\/\\\/www.linkedin.com\\\/in\\\/gilles-n-114b0b207\\\/\",\"https:\\\/\\\/www.instagram.com\\\/decorsvideoimmersifs\\\/\"],\"description\":\"Animated walls have naturally become a commonplace, brightening (and therefore attractive) otherwise dull spaces where it was hard to imagine a solution existed to make them appealing. Today, they exist, bringing with them a sense of well-being and commercial benefits. Contact us to understand and adopt this new, elegant and effective process. That's what we're here for.\",\"email\":\"immersivdesign88@proton.me\",\"telephone\":\"+33.6.12.87.83.64\",\"legalName\":\"ImmersivDesign\",\"publishingPrinciples\":\"https:\\\/\\\/immersivdesign.com\\\/\",\"ownershipFundingInfo\":\"https:\\\/\\\/immersivdesign.com\\\/\",\"actionableFeedbackPolicy\":\"https:\\\/\\\/immersivdesign.com\\\/\",\"correctionsPolicy\":\"https:\\\/\\\/immersivdesign.com\\\/\",\"ethicsPolicy\":\"https:\\\/\\\/immersivdesign.com\\\/\",\"diversityPolicy\":\"https:\\\/\\\/immersivdesign.com\\\/\",\"diversityStaffingReport\":\"https:\\\/\\\/immersivdesign.com\\\/\"}]}<\/script>\n<!-- \/ Yoast SEO Premium plugin. -->","yoast_head_json":{"title":"Politica de confiden\u021bialitate - ImmersivDesign","description":"Immersivdesign - designer de scenografie video - Crearea de medii care captiveaz\u0103 \u0219i inspir\u0103 - creator de con\u021binut media","robots":{"index":"index","follow":"follow","max-snippet":"max-snippet:-1","max-image-preview":"max-image-preview:large","max-video-preview":"max-video-preview:-1"},"canonical":"https:\/\/immersivdesign.com\/ro\/privacy-policy\/","og_locale":"ro_RO","og_type":"article","og_title":"ImmersivDesign","og_description":"Animated walls have naturally become a commonplace, brightening (and therefore attractive) otherwise dull spaces where it was hard to imagine a solution existed to make them appealing.Today, they exist, bringing with them a sense of well-being and commercial benefits.Contact us to understand and adopt this new, elegant and effective process. That's what we're here for","og_url":"https:\/\/immersivdesign.com\/ro\/privacy-policy\/","og_site_name":"ImmersivDesign","article_publisher":"https:\/\/www.facebook.com\/profile.php?id=100064013646722","article_modified_time":"2026-04-26T13:45:31+00:00","og_image":[{"width":1903,"height":882,"url":"https:\/\/immersivdesign.com\/wp-content\/uploads\/2025\/12\/Welcome-ImmersivDesign-immersive-experience-total-immersion.webp","type":"image\/webp"}],"twitter_card":"summary_large_image","twitter_site":"@ImmersivDesign","twitter_misc":{"Timp estimat pentru citire":"1 minut"},"schema":{"@context":"https:\/\/schema.org","@graph":[{"@type":"WebPage","@id":"https:\/\/immersivdesign.com\/privacy-policy\/","url":"https:\/\/immersivdesign.com\/privacy-policy\/","name":"Politica de confiden\u021bialitate - ImmersivDesign","isPartOf":{"@id":"https:\/\/immersivdesign.com\/#website"},"datePublished":"2024-03-09T11:57:55+00:00","dateModified":"2026-04-26T13:45:31+00:00","description":"Immersivdesign - designer de scenografie video - Crearea de medii care captiveaz\u0103 \u0219i inspir\u0103 - creator de con\u021binut media","breadcrumb":{"@id":"https:\/\/immersivdesign.com\/privacy-policy\/#breadcrumb"},"inLanguage":"ro-RO","potentialAction":[{"@type":"ReadAction","target":["https:\/\/immersivdesign.com\/privacy-policy\/"]}]},{"@type":"BreadcrumbList","@id":"https:\/\/immersivdesign.com\/privacy-policy\/#breadcrumb","itemListElement":[{"@type":"ListItem","position":1,"name":"Accueil","item":"https:\/\/immersivdesign.com\/"},{"@type":"ListItem","position":2,"name":"Privacy Policy"}]},{"@type":"WebSite","@id":"https:\/\/immersivdesign.com\/#website","url":"https:\/\/immersivdesign.com\/","name":"ImmersivDesign","description":"Transform\u0103-\u021bi spa\u021biul cu Immersivdesign - videoclipuri cu pere\u021bi imersive, relaxare \u0219i bun\u0103stare","publisher":{"@id":"https:\/\/immersivdesign.com\/#organization"},"alternateName":"leds and projectors","potentialAction":[{"@type":"SearchAction","target":{"@type":"EntryPoint","urlTemplate":"https:\/\/immersivdesign.com\/?s={search_term_string}"},"query-input":{"@type":"PropertyValueSpecification","valueRequired":true,"valueName":"search_term_string"}}],"inLanguage":"ro-RO"},{"@type":"Organization","@id":"https:\/\/immersivdesign.com\/#organization","name":"Design imersiv cu LED-uri","alternateName":"LED video set designer relaxation and well-being","url":"https:\/\/immersivdesign.com\/","logo":{"@type":"ImageObject","inLanguage":"ro-RO","@id":"https:\/\/immersivdesign.com\/#\/schema\/logo\/image\/","url":"","contentUrl":"","caption":"LED Immersiv Design"},"image":{"@id":"https:\/\/immersivdesign.com\/#\/schema\/logo\/image\/"},"sameAs":["https:\/\/www.facebook.com\/profile.php?id=100064013646722","https:\/\/x.com\/ImmersivDesign","https:\/\/mastodon.social\/@Immersivdesign","https:\/\/www.linkedin.com\/in\/gilles-n-114b0b207\/","https:\/\/www.instagram.com\/decorsvideoimmersifs\/"],"description":"Pere\u021bii anima\u021bi au devenit \u00een mod natural un element obi\u0219nuit, lumin\u00e2nd (\u0219i, prin urmare, atractiv) spa\u021bii altfel plictisitoare, unde era greu de imaginat c\u0103 exist\u0103 o solu\u021bie pentru a-i face atr\u0103g\u0103tori. Ast\u0103zi, ei exist\u0103, aduc\u00e2nd cu ei o senza\u021bie de bun\u0103stare \u0219i beneficii comerciale. Contacta\u021bi-ne pentru a \u00een\u021belege \u0219i adopta acest proces nou, elegant \u0219i eficient. De asta suntem aici.","email":"immersivdesign88@proton.me","telephone":"+33.6.12.87.83.64","legalName":"ImmersivDesign","publishingPrinciples":"https:\/\/immersivdesign.com\/","ownershipFundingInfo":"https:\/\/immersivdesign.com\/","actionableFeedbackPolicy":"https:\/\/immersivdesign.com\/","correctionsPolicy":"https:\/\/immersivdesign.com\/","ethicsPolicy":"https:\/\/immersivdesign.com\/","diversityPolicy":"https:\/\/immersivdesign.com\/","diversityStaffingReport":"https:\/\/immersivdesign.com\/"}]}},"_links":{"self":[{"href":"https:\/\/immersivdesign.com\/ro\/wp-json\/wp\/v2\/pages\/3","targetHints":{"allow":["GET"]}}],"collection":[{"href":"https:\/\/immersivdesign.com\/ro\/wp-json\/wp\/v2\/pages"}],"about":[{"href":"https:\/\/immersivdesign.com\/ro\/wp-json\/wp\/v2\/types\/page"}],"author":[{"embeddable":true,"href":"https:\/\/immersivdesign.com\/ro\/wp-json\/wp\/v2\/users\/1"}],"replies":[{"embeddable":true,"href":"https:\/\/immersivdesign.com\/ro\/wp-json\/wp\/v2\/comments?post=3"}],"version-history":[{"count":0,"href":"https:\/\/immersivdesign.com\/ro\/wp-json\/wp\/v2\/pages\/3\/revisions"}],"wp:attachment":[{"href":"https:\/\/immersivdesign.com\/ro\/wp-json\/wp\/v2\/media?parent=3"}],"curies":[{"name":"wp","href":"https:\/\/api.w.org\/{rel}","templated":true}]}}