{"id":3,"date":"2024-03-09T11:57:55","date_gmt":"2024-03-09T11:57:55","guid":{"rendered":"https:\/\/immersivdesign.com\/?page_id=3"},"modified":"2026-04-26T15:45:31","modified_gmt":"2026-04-26T13:45:31","slug":"privacy-policy","status":"publish","type":"page","link":"https:\/\/immersivdesign.com\/sv\/privacy-policy\/","title":{"rendered":"Integritetspolicy"},"content":{"rendered":"<section class=\"section\" id=\"section_708703257\">\n\t\t<div class=\"section-bg fill\" >\n\t\t\t\t\t\t\t\t\t\n\t\t\t\n\n\t\t<\/div>\n\n\t\t\n\n\t\t<div class=\"section-content relative\">\n\t\t\t\n\n<div class=\"row align-center\"  id=\"row-1012152954\">\n\n\n\t<div id=\"col-448362556\" class=\"col small-12 large-12\"  >\n\t\t\t\t<div class=\"col-inner\"  >\n\t\t\t\n\t\t\t\n\n\t<div id=\"text-1420613003\" class=\"text\">\n\t\t\n\n<h3><span class=\"HwtZe\" lang=\"en\"><span class=\"jCAhz ChMk0b\"><span class=\"ryNqvb\">Denna webbplats publiceras av: <strong>F\u00d6RDJUPANDE DESIGN<\/strong><\/span><\/span><\/span><\/h3>\n<p><span class=\"HwtZe\" lang=\"en\"><span class=\"jCAhz ChMk0b\"><span class=\"ryNqvb\"><u>Kontakta:<\/u><\/span><\/span><\/span><span class=\"HwtZe\" lang=\"en\"><span class=\"jCAhz ChMk0b\"><span class=\"ryNqvb\"><br \/>SIREN-nummer: <strong>514 413 509 <\/strong><\/span><\/span><\/span><\/p>\n<p><span class=\"HwtZe\" lang=\"en\"><span class=\"jCAhz ChMk0b\"><span class=\"ryNqvb\">Hela denna webbplats regleras av fransk upphovsr\u00e4tts- och immaterialr\u00e4ttslagstiftning \u2013 lag nr 2004-575 av den 21 juni 2004 om f\u00f6rtroende f\u00f6r den digitala ekonomin.<br \/><strong>Alla r\u00e4ttigheter till reproduktion f\u00f6rbeh\u00e5lls<\/strong>, inklusive nedladdningsbara dokument och ikonografiska och fotografiska representationer.<\/span><\/span><span class=\"jCAhz ChMk0b\"><span class=\"ryNqvb\"><br \/><strong>Reproduktion av hela eller delar av<\/strong> av denna webbplats p\u00e5 vilket medium som helst \u00e4r str\u00e4ngt f\u00f6rbjudet.<\/span><\/span><span class=\"jCAhz ChMk0b\"><span class=\"ryNqvb\"> Varum\u00e4rkena som n\u00e4mns p\u00e5 denna webbplats \u00e4r registrerade av sina respektive \u00e4gare.<\/span><\/span><\/span><\/p>\n<p><span class=\"HwtZe\" lang=\"en\"><span class=\"jCAhz ChMk0b\"><span class=\"ryNqvb\"><strong>F\u00d6RDJUPANDE DESIGN<\/strong> innehar r\u00e4ttigheterna att anv\u00e4nda alla element som \u00e4r tillg\u00e4ngliga p\u00e5 webbplatsen (foton, videor, text och logotyp).<\/span><\/span><span class=\"jCAhz ChMk0b\"><span class=\"ryNqvb\"> Uppgifterna som visas p\u00e5 denna webbplats tillhandah\u00e5lls endast i informationssyfte och har inget avtalsenligt v\u00e4rde.<\/span><\/span><\/span><\/p>\n<p><span class=\"HwtZe\" lang=\"en\"><span class=\"jCAhz ChMk0b\"><span class=\"ryNqvb\"><strong>F\u00d6RDJUPANDE DESIGN<\/strong> f\u00f6rbeh\u00e5ller sig r\u00e4tten att korrigera inneh\u00e5llet p\u00e5 denna webbplats n\u00e4r som helst och utan f\u00f6reg\u00e5ende meddelande.<\/span><\/span><\/span><\/p>\n<p><span class=\"HwtZe\" lang=\"en\"><span class=\"jCAhz ChMk0b\"><span class=\"ryNqvb\"><strong>F\u00d6RDJUPANDE DESIGN<\/strong> fr\u00e5ns\u00e4ger sig allt ansvar f\u00f6r eventuella fel eller utel\u00e4mnanden som kan finnas p\u00e5 webbplatsen.<\/span><\/span><span class=\"jCAhz ChMk0b\"><span class=\"ryNqvb\"><br \/>Webbplatsen ansvarar inte f\u00f6r n\u00e5gon anv\u00e4ndning av informationen p\u00e5 webbplatsen av en bes\u00f6kare.<\/span><\/span><span class=\"jCAhz ChMk0b\"><span class=\"ryNqvb\"><br \/>Denna webbplats inneh\u00e5ller hyperl\u00e4nkar till inneh\u00e5ll relaterat till <strong>F\u00d6RDJUPANDE DESIGN<\/strong>.<\/span><\/span><\/span><\/p>\n<p><span class=\"HwtZe\" lang=\"en\"><span class=\"jCAhz\"><span class=\"ryNqvb\">Ingen personlig information om bes\u00f6kare publiceras, \u00f6verf\u00f6rs eller s\u00e4ljs utan deras vetskap p\u00e5 n\u00e5got annat medium.<\/span><\/span><span class=\"jCAhz ChMk0b\"><span class=\"ryNqvb\"><br \/>Webbplatsen f\u00f6ljer den franska dataskyddslagen fr\u00e5n 1 juli 1998 och CNIL:s (franska dataskyddsmyndighetens) best\u00e4mmelser.<\/span><\/span><\/span><\/p>\n<p><span class=\"HwtZe\" lang=\"en\"><span class=\"jCAhz ChMk0b\"><span class=\"ryNqvb\">Eventuella tvister omfattas av fransk lag.<\/span><\/span><\/span><\/p>\n\t\t\n<style>\n#text-1420613003 {\n  color: rgb(255,255,255);\n}\n#text-1420613003 > * {\n  color: rgb(255,255,255);\n}\n<\/style>\n\t<\/div>\n\t\n\n\t\t<\/div>\n\t\t\t\t\t<\/div>\n\n\t\n\n<\/div>\n\n\t\t<\/div>\n\n\t\t\n<style>\n#section_708703257 {\n  padding-top: 30px;\n  padding-bottom: 30px;\n}\n<\/style>\n\t<\/section>","protected":false},"excerpt":{"rendered":"","protected":false},"author":1,"featured_media":0,"parent":0,"menu_order":0,"comment_status":"closed","ping_status":"open","template":"","meta":{"iawp_total_views":0,"footnotes":""},"class_list":["post-3","page","type-page","status-publish","hentry"],"yoast_head":"<!-- This site is optimized with the Yoast SEO Premium plugin v27.4 (Yoast SEO v27.4) - https:\/\/yoast.com\/product\/yoast-seo-premium-wordpress\/ -->\n<title>Privacy Policy - ImmersivDesign<\/title>\n<meta name=\"description\" content=\"Immersivdesign - video set designer - Crafting Environments that Engage and Inspire - media content creator\" \/>\n<meta name=\"robots\" content=\"index, follow, max-snippet:-1, max-image-preview:large, max-video-preview:-1\" \/>\n<link rel=\"canonical\" href=\"https:\/\/immersivdesign.com\/sv\/privacy-policy\/\" \/>\n<meta property=\"og:locale\" content=\"sv_SE\" \/>\n<meta property=\"og:type\" content=\"article\" \/>\n<meta property=\"og:title\" content=\"ImmersivDesign\" \/>\n<meta property=\"og:description\" content=\"Animated walls have naturally become a commonplace, brightening (and therefore attractive) otherwise dull spaces where it was hard to imagine a solution existed to make them appealing.Today, they exist, bringing with them a sense of well-being and commercial benefits.Contact us to understand and adopt this new, elegant and effective process. That&#039;s what we&#039;re here for\" \/>\n<meta property=\"og:url\" content=\"https:\/\/immersivdesign.com\/sv\/privacy-policy\/\" \/>\n<meta property=\"og:site_name\" content=\"ImmersivDesign\" \/>\n<meta property=\"article:publisher\" content=\"https:\/\/www.facebook.com\/profile.php?id=100064013646722\" \/>\n<meta property=\"article:modified_time\" content=\"2026-04-26T13:45:31+00:00\" \/>\n<meta property=\"og:image\" content=\"https:\/\/immersivdesign.com\/wp-content\/uploads\/2025\/12\/Welcome-ImmersivDesign-immersive-experience-total-immersion.webp\" \/>\n\t<meta property=\"og:image:width\" content=\"1903\" \/>\n\t<meta property=\"og:image:height\" content=\"882\" \/>\n\t<meta property=\"og:image:type\" content=\"image\/webp\" \/>\n<meta name=\"twitter:card\" content=\"summary_large_image\" \/>\n<meta name=\"twitter:site\" content=\"@ImmersivDesign\" \/>\n<meta name=\"twitter:label1\" content=\"Ber\u00e4knad l\u00e4stid\" \/>\n\t<meta name=\"twitter:data1\" content=\"1 minut\" \/>\n<script type=\"application\/ld+json\" class=\"yoast-schema-graph\">{\"@context\":\"https:\\\/\\\/schema.org\",\"@graph\":[{\"@type\":\"WebPage\",\"@id\":\"https:\\\/\\\/immersivdesign.com\\\/privacy-policy\\\/\",\"url\":\"https:\\\/\\\/immersivdesign.com\\\/privacy-policy\\\/\",\"name\":\"Privacy Policy - ImmersivDesign\",\"isPartOf\":{\"@id\":\"https:\\\/\\\/immersivdesign.com\\\/#website\"},\"datePublished\":\"2024-03-09T11:57:55+00:00\",\"dateModified\":\"2026-04-26T13:45:31+00:00\",\"description\":\"Immersivdesign - video set designer - Crafting Environments that Engage and Inspire - media content creator\",\"breadcrumb\":{\"@id\":\"https:\\\/\\\/immersivdesign.com\\\/privacy-policy\\\/#breadcrumb\"},\"inLanguage\":\"sv-SE\",\"potentialAction\":[{\"@type\":\"ReadAction\",\"target\":[\"https:\\\/\\\/immersivdesign.com\\\/privacy-policy\\\/\"]}]},{\"@type\":\"BreadcrumbList\",\"@id\":\"https:\\\/\\\/immersivdesign.com\\\/privacy-policy\\\/#breadcrumb\",\"itemListElement\":[{\"@type\":\"ListItem\",\"position\":1,\"name\":\"Accueil\",\"item\":\"https:\\\/\\\/immersivdesign.com\\\/\"},{\"@type\":\"ListItem\",\"position\":2,\"name\":\"Privacy Policy\"}]},{\"@type\":\"WebSite\",\"@id\":\"https:\\\/\\\/immersivdesign.com\\\/#website\",\"url\":\"https:\\\/\\\/immersivdesign.com\\\/\",\"name\":\"ImmersivDesign\",\"description\":\"Transform your space with Immersivdesign - immersive walls videos relaxation and well-being\",\"publisher\":{\"@id\":\"https:\\\/\\\/immersivdesign.com\\\/#organization\"},\"alternateName\":\"leds and projectors\",\"potentialAction\":[{\"@type\":\"SearchAction\",\"target\":{\"@type\":\"EntryPoint\",\"urlTemplate\":\"https:\\\/\\\/immersivdesign.com\\\/?s={search_term_string}\"},\"query-input\":{\"@type\":\"PropertyValueSpecification\",\"valueRequired\":true,\"valueName\":\"search_term_string\"}}],\"inLanguage\":\"sv-SE\"},{\"@type\":\"Organization\",\"@id\":\"https:\\\/\\\/immersivdesign.com\\\/#organization\",\"name\":\"LED Immersiv Design\",\"alternateName\":\"LED video set designer relaxation and well-being\",\"url\":\"https:\\\/\\\/immersivdesign.com\\\/\",\"logo\":{\"@type\":\"ImageObject\",\"inLanguage\":\"sv-SE\",\"@id\":\"https:\\\/\\\/immersivdesign.com\\\/#\\\/schema\\\/logo\\\/image\\\/\",\"url\":\"\",\"contentUrl\":\"\",\"caption\":\"LED Immersiv Design\"},\"image\":{\"@id\":\"https:\\\/\\\/immersivdesign.com\\\/#\\\/schema\\\/logo\\\/image\\\/\"},\"sameAs\":[\"https:\\\/\\\/www.facebook.com\\\/profile.php?id=100064013646722\",\"https:\\\/\\\/x.com\\\/ImmersivDesign\",\"https:\\\/\\\/mastodon.social\\\/@Immersivdesign\",\"https:\\\/\\\/www.linkedin.com\\\/in\\\/gilles-n-114b0b207\\\/\",\"https:\\\/\\\/www.instagram.com\\\/decorsvideoimmersifs\\\/\"],\"description\":\"Animated walls have naturally become a commonplace, brightening (and therefore attractive) otherwise dull spaces where it was hard to imagine a solution existed to make them appealing. Today, they exist, bringing with them a sense of well-being and commercial benefits. Contact us to understand and adopt this new, elegant and effective process. That's what we're here for.\",\"email\":\"immersivdesign88@proton.me\",\"telephone\":\"+33.6.12.87.83.64\",\"legalName\":\"ImmersivDesign\",\"publishingPrinciples\":\"https:\\\/\\\/immersivdesign.com\\\/\",\"ownershipFundingInfo\":\"https:\\\/\\\/immersivdesign.com\\\/\",\"actionableFeedbackPolicy\":\"https:\\\/\\\/immersivdesign.com\\\/\",\"correctionsPolicy\":\"https:\\\/\\\/immersivdesign.com\\\/\",\"ethicsPolicy\":\"https:\\\/\\\/immersivdesign.com\\\/\",\"diversityPolicy\":\"https:\\\/\\\/immersivdesign.com\\\/\",\"diversityStaffingReport\":\"https:\\\/\\\/immersivdesign.com\\\/\"}]}<\/script>\n<!-- \/ Yoast SEO Premium plugin. -->","yoast_head_json":{"title":"Integritetspolicy - ImmersivDesign","description":"Immersivdesign - videoscenograf - Skapar milj\u00f6er som engagerar och inspirerar - skapare av medieinneh\u00e5ll","robots":{"index":"index","follow":"follow","max-snippet":"max-snippet:-1","max-image-preview":"max-image-preview:large","max-video-preview":"max-video-preview:-1"},"canonical":"https:\/\/immersivdesign.com\/sv\/privacy-policy\/","og_locale":"sv_SE","og_type":"article","og_title":"ImmersivDesign","og_description":"Animated walls have naturally become a commonplace, brightening (and therefore attractive) otherwise dull spaces where it was hard to imagine a solution existed to make them appealing.Today, they exist, bringing with them a sense of well-being and commercial benefits.Contact us to understand and adopt this new, elegant and effective process. That's what we're here for","og_url":"https:\/\/immersivdesign.com\/sv\/privacy-policy\/","og_site_name":"ImmersivDesign","article_publisher":"https:\/\/www.facebook.com\/profile.php?id=100064013646722","article_modified_time":"2026-04-26T13:45:31+00:00","og_image":[{"width":1903,"height":882,"url":"https:\/\/immersivdesign.com\/wp-content\/uploads\/2025\/12\/Welcome-ImmersivDesign-immersive-experience-total-immersion.webp","type":"image\/webp"}],"twitter_card":"summary_large_image","twitter_site":"@ImmersivDesign","twitter_misc":{"Ber\u00e4knad l\u00e4stid":"1 minut"},"schema":{"@context":"https:\/\/schema.org","@graph":[{"@type":"WebPage","@id":"https:\/\/immersivdesign.com\/privacy-policy\/","url":"https:\/\/immersivdesign.com\/privacy-policy\/","name":"Integritetspolicy - ImmersivDesign","isPartOf":{"@id":"https:\/\/immersivdesign.com\/#website"},"datePublished":"2024-03-09T11:57:55+00:00","dateModified":"2026-04-26T13:45:31+00:00","description":"Immersivdesign - videoscenograf - Skapar milj\u00f6er som engagerar och inspirerar - skapare av medieinneh\u00e5ll","breadcrumb":{"@id":"https:\/\/immersivdesign.com\/privacy-policy\/#breadcrumb"},"inLanguage":"sv-SE","potentialAction":[{"@type":"ReadAction","target":["https:\/\/immersivdesign.com\/privacy-policy\/"]}]},{"@type":"BreadcrumbList","@id":"https:\/\/immersivdesign.com\/privacy-policy\/#breadcrumb","itemListElement":[{"@type":"ListItem","position":1,"name":"Accueil","item":"https:\/\/immersivdesign.com\/"},{"@type":"ListItem","position":2,"name":"Privacy Policy"}]},{"@type":"WebSite","@id":"https:\/\/immersivdesign.com\/#website","url":"https:\/\/immersivdesign.com\/","name":"ImmersivDesign","description":"F\u00f6rvandla ditt utrymme med Immersivdesign - videor om immersiva v\u00e4ggar, avkoppling och v\u00e4lbefinnande","publisher":{"@id":"https:\/\/immersivdesign.com\/#organization"},"alternateName":"leds and projectors","potentialAction":[{"@type":"SearchAction","target":{"@type":"EntryPoint","urlTemplate":"https:\/\/immersivdesign.com\/?s={search_term_string}"},"query-input":{"@type":"PropertyValueSpecification","valueRequired":true,"valueName":"search_term_string"}}],"inLanguage":"sv-SE"},{"@type":"Organization","@id":"https:\/\/immersivdesign.com\/#organization","name":"LED-uppslukande design","alternateName":"LED video set designer relaxation and well-being","url":"https:\/\/immersivdesign.com\/","logo":{"@type":"ImageObject","inLanguage":"sv-SE","@id":"https:\/\/immersivdesign.com\/#\/schema\/logo\/image\/","url":"","contentUrl":"","caption":"LED Immersiv Design"},"image":{"@id":"https:\/\/immersivdesign.com\/#\/schema\/logo\/image\/"},"sameAs":["https:\/\/www.facebook.com\/profile.php?id=100064013646722","https:\/\/x.com\/ImmersivDesign","https:\/\/mastodon.social\/@Immersivdesign","https:\/\/www.linkedin.com\/in\/gilles-n-114b0b207\/","https:\/\/www.instagram.com\/decorsvideoimmersifs\/"],"description":"Animerade v\u00e4ggar har naturligt blivit en klyscha, ljusare (och d\u00e4rf\u00f6r attraktiva) annars tr\u00e5kig utrymmen d\u00e4r det var sv\u00e5rt att f\u00f6rest\u00e4lla sig en l\u00f6sning som fanns att g\u00f6ra dem tilltalande. Idag, de finns, att f\u00f6ra med sig en k\u00e4nsla av v\u00e4lbefinnande och kommersiella f\u00f6rdelar. Kontakta oss f\u00f6r att f\u00f6rst\u00e5 och anta denna nya, eleganta och effektiv process. Det \u00e4r vad vi \u00e4r h\u00e4r f\u00f6r.","email":"immersivdesign88@proton.me","telephone":"+33.6.12.87.83.64","legalName":"ImmersivDesign","publishingPrinciples":"https:\/\/immersivdesign.com\/","ownershipFundingInfo":"https:\/\/immersivdesign.com\/","actionableFeedbackPolicy":"https:\/\/immersivdesign.com\/","correctionsPolicy":"https:\/\/immersivdesign.com\/","ethicsPolicy":"https:\/\/immersivdesign.com\/","diversityPolicy":"https:\/\/immersivdesign.com\/","diversityStaffingReport":"https:\/\/immersivdesign.com\/"}]}},"_links":{"self":[{"href":"https:\/\/immersivdesign.com\/sv\/wp-json\/wp\/v2\/pages\/3","targetHints":{"allow":["GET"]}}],"collection":[{"href":"https:\/\/immersivdesign.com\/sv\/wp-json\/wp\/v2\/pages"}],"about":[{"href":"https:\/\/immersivdesign.com\/sv\/wp-json\/wp\/v2\/types\/page"}],"author":[{"embeddable":true,"href":"https:\/\/immersivdesign.com\/sv\/wp-json\/wp\/v2\/users\/1"}],"replies":[{"embeddable":true,"href":"https:\/\/immersivdesign.com\/sv\/wp-json\/wp\/v2\/comments?post=3"}],"version-history":[{"count":0,"href":"https:\/\/immersivdesign.com\/sv\/wp-json\/wp\/v2\/pages\/3\/revisions"}],"wp:attachment":[{"href":"https:\/\/immersivdesign.com\/sv\/wp-json\/wp\/v2\/media?parent=3"}],"curies":[{"name":"wp","href":"https:\/\/api.w.org\/{rel}","templated":true}]}}